{"id":104,"date":"2022-08-03T07:23:39","date_gmt":"2022-08-03T05:23:39","guid":{"rendered":"http:\/\/ecoforma36.fr\/?page_id=104"},"modified":"2025-02-13T12:11:18","modified_gmt":"2025-02-13T11:11:18","slug":"caces-grue-auxiliaire-chateauroux","status":"publish","type":"page","link":"https:\/\/ecoforma36.fr\/index.php\/caces-grue-auxiliaire-chateauroux\/","title":{"rendered":"CACES Grue auxiliaire Ch\u00e2teauroux"},"content":{"rendered":"<p><strong><em>CACES grue auxiliaire Ch\u00e2teauroux<\/em><\/strong><em> Conduite en s\u00e9curit\u00e9 des grues auxiliaires de chargement de v\u00e9hicule avec et sans t\u00e9l\u00e9commande \u00e0 Ch\u00e2teauroux et l\u2019Indre<\/em><\/p>\n<p><a href=\"http:\/\/ecoforma36.fr\"><img loading=\"lazy\" decoding=\"async\" class=\"wp-image-33 aligncenter\" src=\"http:\/\/ecoforma36.fr\/wp-content\/uploads\/2022\/07\/gacv-300x188.jpg\" alt=\"CACES Grue auxiliaire Ch\u00e2teauroux\" width=\"274\" height=\"172\" srcset=\"https:\/\/ecoforma36.fr\/wp-content\/uploads\/2022\/07\/gacv-300x188.jpg 300w, https:\/\/ecoforma36.fr\/wp-content\/uploads\/2022\/07\/gacv-150x94.jpg 150w, https:\/\/ecoforma36.fr\/wp-content\/uploads\/2022\/07\/gacv.jpg 321w\" sizes=\"auto, (max-width: 274px) 100vw, 274px\" \/><\/a><\/p>\n<p><strong><em>CACES grue auxiliaire Ch\u00e2teauroux<\/em><\/strong><strong> \u2013 ECOFORMA36 <\/strong>vous propose des formations et tests pour obtenir le certificat d\u2019aptitude \u00e0 la conduite en s\u00e9curit\u00e9 des grues auxiliaires de chargement de v\u00e9hicules valable 5 ans suivant la recommandation CNAM R490.<\/p>\n<p>Le Caces grues auxiliaires \u00e9tant un bon moyen pour l\u2019employeur de respecter ses obligations r\u00e9glementaires concernant la d\u00e9livrance de l\u2019autorisation de conduite pour les grues auxiliaires (GACV).<\/p>\n<p><strong><em>CACES GACV \u00e0 Ch\u00e2teauroux<\/em><\/strong> &#8211; Les tests Caces grues auxiliaires valident, de mani\u00e8res th\u00e9orique et pratique, l\u2019ensemble des points abord\u00e9s pendant la formation et permettent l\u2019attribution, en fonction des r\u00e9sultats obtenus, du titre CACES grues auxiliaires (camion grue) pour la cat\u00e9gorie test\u00e9e et ce pour une p\u00e9riode de 5 ans (recommandation CNAM R490)<\/p>\n<p>La R490 (Caces grue auxiliaire) compte 1 cat\u00e9gorie avec 1 option (t\u00e9l\u00e9commande), la plupart des mat\u00e9riels utilis\u00e9s aujourd\u2019hui sont \u00e9quip\u00e9s de la t\u00e9l\u00e9commande et le fait de disposer du CACES\u00ae avec l\u2019option permet au chef d\u2019entreprise de d\u00e9livrer l&rsquo;autorisation d&rsquo;utilisation avec et sans t\u00e9l\u00e9commande.<\/p>\n<p>Les grues auxiliaires de chargement de v\u00e9hicules ont beaucoup, \u00e9volu\u00e9es et un grand nombre d&rsquo;entreprises les utilisent aujourd&rsquo;hui pour d&rsquo;autre travaux que le simple chargement, la pose de charpente, la construction de maison \u00e0 ossature bois ou pr\u00e9fabriqu\u00e9e b\u00e9ton, c&rsquo;est un mat\u00e9riel de grande polyvalence<\/p>\n<p>ECOFORMA36 valide des CACES R490 avec et sans t\u00e9l\u00e9commande pour assurer une plus grande polyvalence aux personnels<\/p>\n<p>Pour plus d\u2019informations ou demande particuli\u00e8re, contactez votre conseiller qui vous guidera dans les d\u00e9marches en lui laissant un mail sur <a href=\"mailto:david@essentiels-formations.fr\">david@essentiels-formations.fr\u00a0<\/a> ou le contacter par t\u00e9l\u00e9phone au 05 49 91 57 87 de 10h00 \u00e0 12h00 et de 14h00 \u00e0 17h00 du lundi au vendredi<\/p>\n<p><a href=\"http:\/\/ecoforma36.fr\"><img loading=\"lazy\" decoding=\"async\" class=\"wp-image-32 aligncenter\" src=\"http:\/\/ecoforma36.fr\/wp-content\/uploads\/2022\/07\/GACV-1-225x300.jpg\" alt=\"CACES grue auxiliaire Ch\u00e2teauroux\" width=\"142\" height=\"189\" srcset=\"https:\/\/ecoforma36.fr\/wp-content\/uploads\/2022\/07\/GACV-1-225x300.jpg 225w, https:\/\/ecoforma36.fr\/wp-content\/uploads\/2022\/07\/GACV-1-113x150.jpg 113w, https:\/\/ecoforma36.fr\/wp-content\/uploads\/2022\/07\/GACV-1.jpg 300w\" sizes=\"auto, (max-width: 142px) 100vw, 142px\" \/><\/a><\/p>\n<p>Nos autres plateaux techniques :<\/p>\n<p><a href=\"http:\/\/ecoforma45.fr\">ORLEANS ECOFORMA45<\/a> &#8211; <a href=\"http:\/\/ecoforma18.fr\">BOURGES ECOFORMA18<\/a> &#8211; <a href=\"http:\/\/ecoforma86.fr\">POITIERS ECOFORMA86<\/a><\/p>\n<p>VILLEFRANCHE SUR SAONE ECOFORMA 69 &#8211;<a href=\"http:\/\/ecoforma-idf.fr\"> Paris Ile de France ECOFORMA IDF<\/a><\/p>\n<p>&nbsp;<\/p>\n","protected":false},"excerpt":{"rendered":"<p>CACES grue auxiliaire Ch\u00e2teauroux Conduite en s\u00e9curit\u00e9 des grues auxiliaires de chargement de v\u00e9hicule avec et sans t\u00e9l\u00e9commande \u00e0 Ch\u00e2teauroux et l\u2019Indre CACES grue auxiliaire Ch\u00e2teauroux \u2013 ECOFORMA36 vous propose des formations et tests pour obtenir le certificat d\u2019aptitude \u00e0 la conduite en s\u00e9curit\u00e9 des grues auxiliaires de chargement de&#8230;<\/p>\n<p class=\"continue-reading-button\"> <a class=\"continue-reading-link\" href=\"https:\/\/ecoforma36.fr\/index.php\/caces-grue-auxiliaire-chateauroux\/\">Continue reading<i class=\"crycon-right-dir\"><\/i><\/a><\/p>\n","protected":false},"author":1,"featured_media":0,"parent":0,"menu_order":0,"comment_status":"closed","ping_status":"closed","template":"","meta":{"footnotes":""},"class_list":["post-104","page","type-page","status-publish","hentry"],"yoast_head":"<!-- This site is optimized with the Yoast SEO plugin v27.5 - https:\/\/yoast.com\/product\/yoast-seo-wordpress\/ -->\n<title>CACES Grue auxiliaire Ch\u00e2teauroux - ECOFORMA36 - CACES, AIPR, Habilitations \u00e9lectriuques \u00e0 Ch\u00e2teauroux et dans l&#039;indre<\/title>\n<meta name=\"description\" content=\"CACES grue auxiliaire Ch\u00e2teauroux, ECOFORMA36 vous propose des formations et tests CACES R490 \u00e0 Ch\u00e2teauroux et dans l&#039;Indre\" \/>\n<meta name=\"robots\" content=\"index, follow, max-snippet:-1, max-image-preview:large, max-video-preview:-1\" \/>\n<link rel=\"canonical\" href=\"https:\/\/ecoforma36.fr\/index.php\/caces-grue-auxiliaire-chateauroux\/\" \/>\n<meta property=\"og:locale\" content=\"fr_FR\" \/>\n<meta property=\"og:type\" content=\"article\" \/>\n<meta property=\"og:title\" content=\"CACES Grue auxiliaire Ch\u00e2teauroux - ECOFORMA36 - CACES, AIPR, Habilitations \u00e9lectriuques \u00e0 Ch\u00e2teauroux et dans l&#039;indre\" \/>\n<meta property=\"og:description\" content=\"CACES grue auxiliaire Ch\u00e2teauroux, ECOFORMA36 vous propose des formations et tests CACES R490 \u00e0 Ch\u00e2teauroux et dans l&#039;Indre\" \/>\n<meta property=\"og:url\" content=\"https:\/\/ecoforma36.fr\/index.php\/caces-grue-auxiliaire-chateauroux\/\" \/>\n<meta property=\"og:site_name\" content=\"ECOFORMA36 - CACES, AIPR, Habilitations \u00e9lectriuques \u00e0 Ch\u00e2teauroux et dans l&#039;indre\" \/>\n<meta property=\"article:modified_time\" content=\"2025-02-13T11:11:18+00:00\" \/>\n<meta property=\"og:image\" content=\"http:\/\/ecoforma36.fr\/wp-content\/uploads\/2022\/07\/gacv-300x188.jpg\" \/>\n<meta name=\"twitter:card\" content=\"summary_large_image\" \/>\n<meta name=\"twitter:label1\" content=\"Dur\u00e9e de lecture estim\u00e9e\" \/>\n\t<meta name=\"twitter:data1\" content=\"2 minutes\" \/>\n<script type=\"application\/ld+json\" class=\"yoast-schema-graph\">{\"@context\":\"https:\\\/\\\/schema.org\",\"@graph\":[{\"@type\":\"WebPage\",\"@id\":\"https:\\\/\\\/ecoforma36.fr\\\/index.php\\\/caces-grue-auxiliaire-chateauroux\\\/\",\"url\":\"https:\\\/\\\/ecoforma36.fr\\\/index.php\\\/caces-grue-auxiliaire-chateauroux\\\/\",\"name\":\"CACES Grue auxiliaire Ch\u00e2teauroux - ECOFORMA36 - CACES, AIPR, Habilitations \u00e9lectriuques \u00e0 Ch\u00e2teauroux et dans l&#039;indre\",\"isPartOf\":{\"@id\":\"https:\\\/\\\/ecoforma36.fr\\\/#website\"},\"primaryImageOfPage\":{\"@id\":\"https:\\\/\\\/ecoforma36.fr\\\/index.php\\\/caces-grue-auxiliaire-chateauroux\\\/#primaryimage\"},\"image\":{\"@id\":\"https:\\\/\\\/ecoforma36.fr\\\/index.php\\\/caces-grue-auxiliaire-chateauroux\\\/#primaryimage\"},\"thumbnailUrl\":\"http:\\\/\\\/ecoforma36.fr\\\/wp-content\\\/uploads\\\/2022\\\/07\\\/gacv-300x188.jpg\",\"datePublished\":\"2022-08-03T05:23:39+00:00\",\"dateModified\":\"2025-02-13T11:11:18+00:00\",\"description\":\"CACES grue auxiliaire Ch\u00e2teauroux, ECOFORMA36 vous propose des formations et tests CACES R490 \u00e0 Ch\u00e2teauroux et dans l'Indre\",\"breadcrumb\":{\"@id\":\"https:\\\/\\\/ecoforma36.fr\\\/index.php\\\/caces-grue-auxiliaire-chateauroux\\\/#breadcrumb\"},\"inLanguage\":\"fr-FR\",\"potentialAction\":[{\"@type\":\"ReadAction\",\"target\":[\"https:\\\/\\\/ecoforma36.fr\\\/index.php\\\/caces-grue-auxiliaire-chateauroux\\\/\"]}]},{\"@type\":\"ImageObject\",\"inLanguage\":\"fr-FR\",\"@id\":\"https:\\\/\\\/ecoforma36.fr\\\/index.php\\\/caces-grue-auxiliaire-chateauroux\\\/#primaryimage\",\"url\":\"https:\\\/\\\/ecoforma36.fr\\\/wp-content\\\/uploads\\\/2022\\\/07\\\/gacv.jpg\",\"contentUrl\":\"https:\\\/\\\/ecoforma36.fr\\\/wp-content\\\/uploads\\\/2022\\\/07\\\/gacv.jpg\",\"width\":321,\"height\":201},{\"@type\":\"BreadcrumbList\",\"@id\":\"https:\\\/\\\/ecoforma36.fr\\\/index.php\\\/caces-grue-auxiliaire-chateauroux\\\/#breadcrumb\",\"itemListElement\":[{\"@type\":\"ListItem\",\"position\":1,\"name\":\"Accueil\",\"item\":\"https:\\\/\\\/ecoforma36.fr\\\/\"},{\"@type\":\"ListItem\",\"position\":2,\"name\":\"CACES Grue auxiliaire Ch\u00e2teauroux\"}]},{\"@type\":\"WebSite\",\"@id\":\"https:\\\/\\\/ecoforma36.fr\\\/#website\",\"url\":\"https:\\\/\\\/ecoforma36.fr\\\/\",\"name\":\"ECOFORMA36 - CACES, AIPR, Habilitations \u00e9lectriuques \u00e0 Ch\u00e2teauroux et dans l&#039;indre\",\"description\":\"\",\"potentialAction\":[{\"@type\":\"SearchAction\",\"target\":{\"@type\":\"EntryPoint\",\"urlTemplate\":\"https:\\\/\\\/ecoforma36.fr\\\/?s={search_term_string}\"},\"query-input\":{\"@type\":\"PropertyValueSpecification\",\"valueRequired\":true,\"valueName\":\"search_term_string\"}}],\"inLanguage\":\"fr-FR\"}]}<\/script>\n<!-- \/ Yoast SEO plugin. -->","yoast_head_json":{"title":"CACES Grue auxiliaire Ch\u00e2teauroux - ECOFORMA36 - CACES, AIPR, Habilitations \u00e9lectriuques \u00e0 Ch\u00e2teauroux et dans l&#039;indre","description":"CACES grue auxiliaire Ch\u00e2teauroux, ECOFORMA36 vous propose des formations et tests CACES R490 \u00e0 Ch\u00e2teauroux et dans l'Indre","robots":{"index":"index","follow":"follow","max-snippet":"max-snippet:-1","max-image-preview":"max-image-preview:large","max-video-preview":"max-video-preview:-1"},"canonical":"https:\/\/ecoforma36.fr\/index.php\/caces-grue-auxiliaire-chateauroux\/","og_locale":"fr_FR","og_type":"article","og_title":"CACES Grue auxiliaire Ch\u00e2teauroux - ECOFORMA36 - CACES, AIPR, Habilitations \u00e9lectriuques \u00e0 Ch\u00e2teauroux et dans l&#039;indre","og_description":"CACES grue auxiliaire Ch\u00e2teauroux, ECOFORMA36 vous propose des formations et tests CACES R490 \u00e0 Ch\u00e2teauroux et dans l'Indre","og_url":"https:\/\/ecoforma36.fr\/index.php\/caces-grue-auxiliaire-chateauroux\/","og_site_name":"ECOFORMA36 - CACES, AIPR, Habilitations \u00e9lectriuques \u00e0 Ch\u00e2teauroux et dans l&#039;indre","article_modified_time":"2025-02-13T11:11:18+00:00","og_image":[{"url":"http:\/\/ecoforma36.fr\/wp-content\/uploads\/2022\/07\/gacv-300x188.jpg","type":"","width":"","height":""}],"twitter_card":"summary_large_image","twitter_misc":{"Dur\u00e9e de lecture estim\u00e9e":"2 minutes"},"schema":{"@context":"https:\/\/schema.org","@graph":[{"@type":"WebPage","@id":"https:\/\/ecoforma36.fr\/index.php\/caces-grue-auxiliaire-chateauroux\/","url":"https:\/\/ecoforma36.fr\/index.php\/caces-grue-auxiliaire-chateauroux\/","name":"CACES Grue auxiliaire Ch\u00e2teauroux - ECOFORMA36 - CACES, AIPR, Habilitations \u00e9lectriuques \u00e0 Ch\u00e2teauroux et dans l&#039;indre","isPartOf":{"@id":"https:\/\/ecoforma36.fr\/#website"},"primaryImageOfPage":{"@id":"https:\/\/ecoforma36.fr\/index.php\/caces-grue-auxiliaire-chateauroux\/#primaryimage"},"image":{"@id":"https:\/\/ecoforma36.fr\/index.php\/caces-grue-auxiliaire-chateauroux\/#primaryimage"},"thumbnailUrl":"http:\/\/ecoforma36.fr\/wp-content\/uploads\/2022\/07\/gacv-300x188.jpg","datePublished":"2022-08-03T05:23:39+00:00","dateModified":"2025-02-13T11:11:18+00:00","description":"CACES grue auxiliaire Ch\u00e2teauroux, ECOFORMA36 vous propose des formations et tests CACES R490 \u00e0 Ch\u00e2teauroux et dans l'Indre","breadcrumb":{"@id":"https:\/\/ecoforma36.fr\/index.php\/caces-grue-auxiliaire-chateauroux\/#breadcrumb"},"inLanguage":"fr-FR","potentialAction":[{"@type":"ReadAction","target":["https:\/\/ecoforma36.fr\/index.php\/caces-grue-auxiliaire-chateauroux\/"]}]},{"@type":"ImageObject","inLanguage":"fr-FR","@id":"https:\/\/ecoforma36.fr\/index.php\/caces-grue-auxiliaire-chateauroux\/#primaryimage","url":"https:\/\/ecoforma36.fr\/wp-content\/uploads\/2022\/07\/gacv.jpg","contentUrl":"https:\/\/ecoforma36.fr\/wp-content\/uploads\/2022\/07\/gacv.jpg","width":321,"height":201},{"@type":"BreadcrumbList","@id":"https:\/\/ecoforma36.fr\/index.php\/caces-grue-auxiliaire-chateauroux\/#breadcrumb","itemListElement":[{"@type":"ListItem","position":1,"name":"Accueil","item":"https:\/\/ecoforma36.fr\/"},{"@type":"ListItem","position":2,"name":"CACES Grue auxiliaire Ch\u00e2teauroux"}]},{"@type":"WebSite","@id":"https:\/\/ecoforma36.fr\/#website","url":"https:\/\/ecoforma36.fr\/","name":"ECOFORMA36 - CACES, AIPR, Habilitations \u00e9lectriuques \u00e0 Ch\u00e2teauroux et dans l&#039;indre","description":"","potentialAction":[{"@type":"SearchAction","target":{"@type":"EntryPoint","urlTemplate":"https:\/\/ecoforma36.fr\/?s={search_term_string}"},"query-input":{"@type":"PropertyValueSpecification","valueRequired":true,"valueName":"search_term_string"}}],"inLanguage":"fr-FR"}]}},"_links":{"self":[{"href":"https:\/\/ecoforma36.fr\/index.php\/wp-json\/wp\/v2\/pages\/104","targetHints":{"allow":["GET"]}}],"collection":[{"href":"https:\/\/ecoforma36.fr\/index.php\/wp-json\/wp\/v2\/pages"}],"about":[{"href":"https:\/\/ecoforma36.fr\/index.php\/wp-json\/wp\/v2\/types\/page"}],"author":[{"embeddable":true,"href":"https:\/\/ecoforma36.fr\/index.php\/wp-json\/wp\/v2\/users\/1"}],"replies":[{"embeddable":true,"href":"https:\/\/ecoforma36.fr\/index.php\/wp-json\/wp\/v2\/comments?post=104"}],"version-history":[{"count":5,"href":"https:\/\/ecoforma36.fr\/index.php\/wp-json\/wp\/v2\/pages\/104\/revisions"}],"predecessor-version":[{"id":266,"href":"https:\/\/ecoforma36.fr\/index.php\/wp-json\/wp\/v2\/pages\/104\/revisions\/266"}],"wp:attachment":[{"href":"https:\/\/ecoforma36.fr\/index.php\/wp-json\/wp\/v2\/media?parent=104"}],"curies":[{"name":"wp","href":"https:\/\/api.w.org\/{rel}","templated":true}]}}