{"id":108,"date":"2022-08-03T08:02:44","date_gmt":"2022-08-03T06:02:44","guid":{"rendered":"http:\/\/ecoforma36.fr\/?page_id=108"},"modified":"2025-02-13T12:12:27","modified_gmt":"2025-02-13T11:12:27","slug":"formation-conduite-gerbeur","status":"publish","type":"page","link":"https:\/\/ecoforma36.fr\/index.php\/formation-conduite-gerbeur\/","title":{"rendered":"Formation conduite gerbeur"},"content":{"rendered":"<p><em><strong>Formation conduite gerbeur<\/strong><\/em> \u00e0 conducteur accompagnant<\/p>\n<p><a href=\"http:\/\/ecoforma36.fr\"><img loading=\"lazy\" decoding=\"async\" class=\"wp-image-75 aligncenter\" src=\"http:\/\/ecoforma36.fr\/wp-content\/uploads\/2022\/08\/3CTACA-transgerbeur-1-e1659434018297.jpg\" alt=\"Formation conduite gerbeur\" width=\"246\" height=\"154\" srcset=\"https:\/\/ecoforma36.fr\/wp-content\/uploads\/2022\/08\/3CTACA-transgerbeur-1-e1659434018297.jpg 283w, https:\/\/ecoforma36.fr\/wp-content\/uploads\/2022\/08\/3CTACA-transgerbeur-1-e1659434018297-150x94.jpg 150w\" sizes=\"auto, (max-width: 246px) 100vw, 246px\" \/><\/a><\/p>\n<p><em><strong>Formation conduite gerbeur<\/strong><\/em> \u00e0 conducteur accompagnant, depuis le 01\/01\/2020 ces mat\u00e9riels sont soumis \u00e0 l&rsquo;obligation de la d\u00e9livrance d&rsquo;une autorisation de conduite par l&#8217;employeur.<\/p>\n<p>Cette obligation classe de fait ces mat\u00e9riels dans la \u00ab\u00a0case\u00a0\u00bb des mat\u00e9riels \u00e0 l\u2019utilisation \u00ab\u00a0dangereuse\u00a0\u00bb<\/p>\n<p><em><strong>Formation conduite gerbeur<\/strong><\/em> \u00e0 conducteur accompagnant est devenu quasi indispensable au regard de la loi et du code du travail dans les domaines des transports, de la logistique et de la grande distribution (supermarch\u00e9s, hyper, etc..)<\/p>\n<p>Il existe deux possibilit\u00e9s :<\/p>\n<p>Faire passer des CACES R485, le CACES \u00e9tant un bon moyen pour l\u2019employeur de respecter, en partie ,ses obligations r\u00e9glementaires, notamment pour\u00a0 la d\u00e9livrance de l\u2019autorisation de conduite obligatoire pour les Gerbeurs \u00e0 conducteur accompagnant<\/p>\n<p>Les tests CACES valident, de mani\u00e8res th\u00e9orique et pratique, l\u2019ensemble des points abord\u00e9s pendant la formation, ce titre CACES R485, qui n&rsquo;est pas un titre professionnel, est d\u00e9livr\u00e9 pour la\/les\u00a0 cat\u00e9gories test\u00e9s (cat\u00e9gorie 1 et\/ou 2) et la dur\u00e9e de validit\u00e9 est de 5 ans<\/p>\n<p><em><strong>Le CACES<\/strong><\/em> <strong><em>n&rsquo;est pas obligatoire pour d\u00e9livrer une autorisation de conduite<\/em><\/strong>, seule la formation et l&rsquo;\u00e9valuation sont obligatoires, mais attention la d\u00e9livrance de celle-ci repose sur des r\u00e8gles bien pr\u00e9cises pour ne pas \u00eatre remise en cause<\/p>\n<p><em>Par exemple :<\/em><\/p>\n<ul>\n<li>la dur\u00e9e ne doit pas \u00eatre inf\u00e9rieur \u00e0 07h00<\/li>\n<li>La validation doit se faire en th\u00e9orie et en pratique<\/li>\n<li>Les \u00e9valuations pratique doivent se faire sur des mat\u00e9riels conformes \u00e0 la r\u00e8glementation et \u00eatre \u00e0 jour des v\u00e9rifications p\u00e9riodiques<\/li>\n<li>Les parcours et charges doivent \u00eatre en corr\u00e9lation avec le travail effectu\u00e9 dans l&rsquo;entreprise<\/li>\n<\/ul>\n<p><a href=\"http:\/\/ecoforma36.fr\"><img loading=\"lazy\" decoding=\"async\" class=\"wp-image-32 aligncenter\" src=\"http:\/\/ecoforma36.fr\/wp-content\/uploads\/2022\/07\/GACV-1-225x300.jpg\" alt=\"formation conduite gerbeur\" width=\"129\" height=\"172\" srcset=\"https:\/\/ecoforma36.fr\/wp-content\/uploads\/2022\/07\/GACV-1-225x300.jpg 225w, https:\/\/ecoforma36.fr\/wp-content\/uploads\/2022\/07\/GACV-1-113x150.jpg 113w, https:\/\/ecoforma36.fr\/wp-content\/uploads\/2022\/07\/GACV-1.jpg 300w\" sizes=\"auto, (max-width: 129px) 100vw, 129px\" \/><\/a>Vous souhaitez plus de renseignements ou obtenir un devis, contactez votre conseiller qui saura vous apporter les r\u00e9ponses \u00e0 vos questions et vous guidera dans le choix le plus appropri\u00e9 \u00e0 votre besoin, en lui laissant un mail sur <a href=\"mailto:david@essentiels-formations.fr\">david@essentiels-formations.fr\u00a0<\/a> ou le contacter par t\u00e9l\u00e9phone au 05 49 91 57 87 de 10h00 \u00e0 12h00 et de 14h00 \u00e0 17h00 du lundi au vendredi<\/p>\n<p>&nbsp;<\/p>\n<p><strong>ECOFORMA<\/strong> en R\u00e9gion Centre Val De Loire<\/p>\n<p><a href=\"http:\/\/ecoforma36.fr\">ECOFORMA 36 (Ch\u00e2teauroux)<\/a> &#8211;<a href=\"http:\/\/ecoforma18.fr\"> ECOFORMA 18 (Bourges)<\/a> &#8211; <a href=\"http:\/\/ecoforma45.fr\">ECOFORMA 45 (Orl\u00e9ans)<\/a> &#8211; <a href=\"http:\/\/ecoforma86.fr\">ECOFORMA 86 (Poitiers)<\/a><\/p>\n","protected":false},"excerpt":{"rendered":"<p>Formation conduite gerbeur \u00e0 conducteur accompagnant Formation conduite gerbeur \u00e0 conducteur accompagnant, depuis le 01\/01\/2020 ces mat\u00e9riels sont soumis \u00e0 l&rsquo;obligation de la d\u00e9livrance d&rsquo;une autorisation de conduite par l&#8217;employeur. Cette obligation classe de fait ces mat\u00e9riels dans la \u00ab\u00a0case\u00a0\u00bb des mat\u00e9riels \u00e0 l\u2019utilisation \u00ab\u00a0dangereuse\u00a0\u00bb Formation conduite gerbeur \u00e0 conducteur&#8230;<\/p>\n<p class=\"continue-reading-button\"> <a class=\"continue-reading-link\" href=\"https:\/\/ecoforma36.fr\/index.php\/formation-conduite-gerbeur\/\">Continue reading<i class=\"crycon-right-dir\"><\/i><\/a><\/p>\n","protected":false},"author":1,"featured_media":0,"parent":0,"menu_order":0,"comment_status":"closed","ping_status":"closed","template":"","meta":{"footnotes":""},"class_list":["post-108","page","type-page","status-publish","hentry"],"yoast_head":"<!-- This site is optimized with the Yoast SEO plugin v27.4 - https:\/\/yoast.com\/product\/yoast-seo-wordpress\/ -->\n<title>Formation conduite gerbeur - ECOFORMA36 - CACES, AIPR, Habilitations \u00e9lectriuques \u00e0 Ch\u00e2teauroux et dans l&#039;indre<\/title>\n<meta name=\"description\" content=\"Formation conduite gerbeur \u00e0 conducteur accompagnant indispensable dans les transports, de la logistique, de la grande distribution\" \/>\n<meta name=\"robots\" content=\"index, follow, max-snippet:-1, max-image-preview:large, max-video-preview:-1\" \/>\n<link rel=\"canonical\" href=\"https:\/\/ecoforma36.fr\/index.php\/formation-conduite-gerbeur\/\" \/>\n<meta property=\"og:locale\" content=\"fr_FR\" \/>\n<meta property=\"og:type\" content=\"article\" \/>\n<meta property=\"og:title\" content=\"Formation conduite gerbeur - ECOFORMA36 - CACES, AIPR, Habilitations \u00e9lectriuques \u00e0 Ch\u00e2teauroux et dans l&#039;indre\" \/>\n<meta property=\"og:description\" content=\"Formation conduite gerbeur \u00e0 conducteur accompagnant indispensable dans les transports, de la logistique, de la grande distribution\" \/>\n<meta property=\"og:url\" content=\"https:\/\/ecoforma36.fr\/index.php\/formation-conduite-gerbeur\/\" \/>\n<meta property=\"og:site_name\" content=\"ECOFORMA36 - CACES, AIPR, Habilitations \u00e9lectriuques \u00e0 Ch\u00e2teauroux et dans l&#039;indre\" \/>\n<meta property=\"article:modified_time\" content=\"2025-02-13T11:12:27+00:00\" \/>\n<meta property=\"og:image\" content=\"http:\/\/ecoforma36.fr\/wp-content\/uploads\/2022\/08\/3CTACA-transgerbeur-1-e1659434018297.jpg\" \/>\n<meta name=\"twitter:card\" content=\"summary_large_image\" \/>\n<meta name=\"twitter:label1\" content=\"Dur\u00e9e de lecture estim\u00e9e\" \/>\n\t<meta name=\"twitter:data1\" content=\"3 minutes\" \/>\n<script type=\"application\/ld+json\" class=\"yoast-schema-graph\">{\"@context\":\"https:\\\/\\\/schema.org\",\"@graph\":[{\"@type\":\"WebPage\",\"@id\":\"https:\\\/\\\/ecoforma36.fr\\\/index.php\\\/formation-conduite-gerbeur\\\/\",\"url\":\"https:\\\/\\\/ecoforma36.fr\\\/index.php\\\/formation-conduite-gerbeur\\\/\",\"name\":\"Formation conduite gerbeur - ECOFORMA36 - CACES, AIPR, Habilitations \u00e9lectriuques \u00e0 Ch\u00e2teauroux et dans l&#039;indre\",\"isPartOf\":{\"@id\":\"https:\\\/\\\/ecoforma36.fr\\\/#website\"},\"primaryImageOfPage\":{\"@id\":\"https:\\\/\\\/ecoforma36.fr\\\/index.php\\\/formation-conduite-gerbeur\\\/#primaryimage\"},\"image\":{\"@id\":\"https:\\\/\\\/ecoforma36.fr\\\/index.php\\\/formation-conduite-gerbeur\\\/#primaryimage\"},\"thumbnailUrl\":\"http:\\\/\\\/ecoforma36.fr\\\/wp-content\\\/uploads\\\/2022\\\/08\\\/3CTACA-transgerbeur-1-e1659434018297.jpg\",\"datePublished\":\"2022-08-03T06:02:44+00:00\",\"dateModified\":\"2025-02-13T11:12:27+00:00\",\"description\":\"Formation conduite gerbeur \u00e0 conducteur accompagnant indispensable dans les transports, de la logistique, de la grande distribution\",\"breadcrumb\":{\"@id\":\"https:\\\/\\\/ecoforma36.fr\\\/index.php\\\/formation-conduite-gerbeur\\\/#breadcrumb\"},\"inLanguage\":\"fr-FR\",\"potentialAction\":[{\"@type\":\"ReadAction\",\"target\":[\"https:\\\/\\\/ecoforma36.fr\\\/index.php\\\/formation-conduite-gerbeur\\\/\"]}]},{\"@type\":\"ImageObject\",\"inLanguage\":\"fr-FR\",\"@id\":\"https:\\\/\\\/ecoforma36.fr\\\/index.php\\\/formation-conduite-gerbeur\\\/#primaryimage\",\"url\":\"https:\\\/\\\/ecoforma36.fr\\\/wp-content\\\/uploads\\\/2022\\\/08\\\/3CTACA-transgerbeur-1-e1659434018297.jpg\",\"contentUrl\":\"https:\\\/\\\/ecoforma36.fr\\\/wp-content\\\/uploads\\\/2022\\\/08\\\/3CTACA-transgerbeur-1-e1659434018297.jpg\",\"width\":283,\"height\":177},{\"@type\":\"BreadcrumbList\",\"@id\":\"https:\\\/\\\/ecoforma36.fr\\\/index.php\\\/formation-conduite-gerbeur\\\/#breadcrumb\",\"itemListElement\":[{\"@type\":\"ListItem\",\"position\":1,\"name\":\"Accueil\",\"item\":\"https:\\\/\\\/ecoforma36.fr\\\/\"},{\"@type\":\"ListItem\",\"position\":2,\"name\":\"Formation conduite gerbeur\"}]},{\"@type\":\"WebSite\",\"@id\":\"https:\\\/\\\/ecoforma36.fr\\\/#website\",\"url\":\"https:\\\/\\\/ecoforma36.fr\\\/\",\"name\":\"ECOFORMA36 - CACES, AIPR, Habilitations \u00e9lectriuques \u00e0 Ch\u00e2teauroux et dans l&#039;indre\",\"description\":\"\",\"potentialAction\":[{\"@type\":\"SearchAction\",\"target\":{\"@type\":\"EntryPoint\",\"urlTemplate\":\"https:\\\/\\\/ecoforma36.fr\\\/?s={search_term_string}\"},\"query-input\":{\"@type\":\"PropertyValueSpecification\",\"valueRequired\":true,\"valueName\":\"search_term_string\"}}],\"inLanguage\":\"fr-FR\"}]}<\/script>\n<!-- \/ Yoast SEO plugin. -->","yoast_head_json":{"title":"Formation conduite gerbeur - ECOFORMA36 - CACES, AIPR, Habilitations \u00e9lectriuques \u00e0 Ch\u00e2teauroux et dans l&#039;indre","description":"Formation conduite gerbeur \u00e0 conducteur accompagnant indispensable dans les transports, de la logistique, de la grande distribution","robots":{"index":"index","follow":"follow","max-snippet":"max-snippet:-1","max-image-preview":"max-image-preview:large","max-video-preview":"max-video-preview:-1"},"canonical":"https:\/\/ecoforma36.fr\/index.php\/formation-conduite-gerbeur\/","og_locale":"fr_FR","og_type":"article","og_title":"Formation conduite gerbeur - ECOFORMA36 - CACES, AIPR, Habilitations \u00e9lectriuques \u00e0 Ch\u00e2teauroux et dans l&#039;indre","og_description":"Formation conduite gerbeur \u00e0 conducteur accompagnant indispensable dans les transports, de la logistique, de la grande distribution","og_url":"https:\/\/ecoforma36.fr\/index.php\/formation-conduite-gerbeur\/","og_site_name":"ECOFORMA36 - CACES, AIPR, Habilitations \u00e9lectriuques \u00e0 Ch\u00e2teauroux et dans l&#039;indre","article_modified_time":"2025-02-13T11:12:27+00:00","og_image":[{"url":"http:\/\/ecoforma36.fr\/wp-content\/uploads\/2022\/08\/3CTACA-transgerbeur-1-e1659434018297.jpg","type":"","width":"","height":""}],"twitter_card":"summary_large_image","twitter_misc":{"Dur\u00e9e de lecture estim\u00e9e":"3 minutes"},"schema":{"@context":"https:\/\/schema.org","@graph":[{"@type":"WebPage","@id":"https:\/\/ecoforma36.fr\/index.php\/formation-conduite-gerbeur\/","url":"https:\/\/ecoforma36.fr\/index.php\/formation-conduite-gerbeur\/","name":"Formation conduite gerbeur - ECOFORMA36 - CACES, AIPR, Habilitations \u00e9lectriuques \u00e0 Ch\u00e2teauroux et dans l&#039;indre","isPartOf":{"@id":"https:\/\/ecoforma36.fr\/#website"},"primaryImageOfPage":{"@id":"https:\/\/ecoforma36.fr\/index.php\/formation-conduite-gerbeur\/#primaryimage"},"image":{"@id":"https:\/\/ecoforma36.fr\/index.php\/formation-conduite-gerbeur\/#primaryimage"},"thumbnailUrl":"http:\/\/ecoforma36.fr\/wp-content\/uploads\/2022\/08\/3CTACA-transgerbeur-1-e1659434018297.jpg","datePublished":"2022-08-03T06:02:44+00:00","dateModified":"2025-02-13T11:12:27+00:00","description":"Formation conduite gerbeur \u00e0 conducteur accompagnant indispensable dans les transports, de la logistique, de la grande distribution","breadcrumb":{"@id":"https:\/\/ecoforma36.fr\/index.php\/formation-conduite-gerbeur\/#breadcrumb"},"inLanguage":"fr-FR","potentialAction":[{"@type":"ReadAction","target":["https:\/\/ecoforma36.fr\/index.php\/formation-conduite-gerbeur\/"]}]},{"@type":"ImageObject","inLanguage":"fr-FR","@id":"https:\/\/ecoforma36.fr\/index.php\/formation-conduite-gerbeur\/#primaryimage","url":"https:\/\/ecoforma36.fr\/wp-content\/uploads\/2022\/08\/3CTACA-transgerbeur-1-e1659434018297.jpg","contentUrl":"https:\/\/ecoforma36.fr\/wp-content\/uploads\/2022\/08\/3CTACA-transgerbeur-1-e1659434018297.jpg","width":283,"height":177},{"@type":"BreadcrumbList","@id":"https:\/\/ecoforma36.fr\/index.php\/formation-conduite-gerbeur\/#breadcrumb","itemListElement":[{"@type":"ListItem","position":1,"name":"Accueil","item":"https:\/\/ecoforma36.fr\/"},{"@type":"ListItem","position":2,"name":"Formation conduite gerbeur"}]},{"@type":"WebSite","@id":"https:\/\/ecoforma36.fr\/#website","url":"https:\/\/ecoforma36.fr\/","name":"ECOFORMA36 - CACES, AIPR, Habilitations \u00e9lectriuques \u00e0 Ch\u00e2teauroux et dans l&#039;indre","description":"","potentialAction":[{"@type":"SearchAction","target":{"@type":"EntryPoint","urlTemplate":"https:\/\/ecoforma36.fr\/?s={search_term_string}"},"query-input":{"@type":"PropertyValueSpecification","valueRequired":true,"valueName":"search_term_string"}}],"inLanguage":"fr-FR"}]}},"_links":{"self":[{"href":"https:\/\/ecoforma36.fr\/index.php\/wp-json\/wp\/v2\/pages\/108","targetHints":{"allow":["GET"]}}],"collection":[{"href":"https:\/\/ecoforma36.fr\/index.php\/wp-json\/wp\/v2\/pages"}],"about":[{"href":"https:\/\/ecoforma36.fr\/index.php\/wp-json\/wp\/v2\/types\/page"}],"author":[{"embeddable":true,"href":"https:\/\/ecoforma36.fr\/index.php\/wp-json\/wp\/v2\/users\/1"}],"replies":[{"embeddable":true,"href":"https:\/\/ecoforma36.fr\/index.php\/wp-json\/wp\/v2\/comments?post=108"}],"version-history":[{"count":7,"href":"https:\/\/ecoforma36.fr\/index.php\/wp-json\/wp\/v2\/pages\/108\/revisions"}],"predecessor-version":[{"id":267,"href":"https:\/\/ecoforma36.fr\/index.php\/wp-json\/wp\/v2\/pages\/108\/revisions\/267"}],"wp:attachment":[{"href":"https:\/\/ecoforma36.fr\/index.php\/wp-json\/wp\/v2\/media?parent=108"}],"curies":[{"name":"wp","href":"https:\/\/api.w.org\/{rel}","templated":true}]}}