{"id":121,"date":"2022-08-03T09:30:16","date_gmt":"2022-08-03T07:30:16","guid":{"rendered":"http:\/\/ecoforma36.fr\/?page_id=121"},"modified":"2023-01-26T14:02:56","modified_gmt":"2023-01-26T13:02:56","slug":"utiliser-son-cpf","status":"publish","type":"page","link":"https:\/\/ecoforma36.fr\/index.php\/utiliser-son-cpf\/","title":{"rendered":"Utiliser son CPF"},"content":{"rendered":"<p><em><strong>Utiliser son CPF<\/strong><\/em><\/p>\n<p><img loading=\"lazy\" decoding=\"async\" class=\"wp-image-20 aligncenter\" src=\"http:\/\/ecoforma36.fr\/wp-content\/uploads\/2022\/07\/CPF-2.png\" alt=\"Utiliser son CPF\" width=\"203\" height=\"169\" srcset=\"https:\/\/ecoforma36.fr\/wp-content\/uploads\/2022\/07\/CPF-2.png 246w, https:\/\/ecoforma36.fr\/wp-content\/uploads\/2022\/07\/CPF-2-150x125.png 150w\" sizes=\"auto, (max-width: 203px) 100vw, 203px\" \/><\/p>\n<p>Le compte personnel formation (CPF) permet \u00e0 chaque salari\u00e9 de se former et ainsi d&rsquo;am\u00e9liorer son employabilit\u00e9, de changer de m\u00e9tier, etc.<\/p>\n<p>Ce compte est approvisionn\u00e9 chaque ann\u00e9e de 500.00\u20ac (pour une ann\u00e9e compl\u00e8te) ce montant se cumul chaque ann\u00e9e et contrairement \u00e0 tous les mails, fax oui sms que vous recevez il y a pas de date limite \u00e0 son utilisation sauf au d\u00e9part \u00e0 la retraite. Le maximum cumulable est de 5000.00\u20ac.<\/p>\n<p>Le choix des formations finan\u00e7able est sur le catalogue du site CPF, et ce choix est libre . Attention toutefois aux formations exotiques (d\u00e9corateur d&rsquo;int\u00e9rieur en 21h00 par exemple).<\/p>\n<p>Vous n&rsquo;avez pas besoin de l&rsquo;accord de l&#8217;employeur \u00e0 la condition que la formation n&rsquo;a pas lieu pendant les heures de travail<\/p>\n<p><em><strong>Utiliser son CPF<\/strong><\/em> pour passer un ou plusieurs CACES c&rsquo;est facile, il suffit de suivre la proc\u00e9dure ci dessous<\/p>\n<ol>\n<li>Pour utiliser son CPF, se connecter au site CPF : <a href=\"http:\/\/moncompteformation.gouv.fr\">moncompteformation.gouv.fr<\/a><\/li>\n<li>Cr\u00e9er son compte pour ce faire vous devez vous cr\u00e9er un identifiant num\u00e9rique la poste<\/li>\n<li>Pour utiliser son CPF, choisir \u00ab\u00a0continuer vers mon compte formation\u00a0\u00bb<\/li>\n<li>C&rsquo;est fait vous \u00eates connect\u00e9 vous pouvez connaitre connaitre le montant disponible pour vous former<\/li>\n<\/ol>\n<p>Vous voulez savoir si la formation dont vous avez besoin est finan\u00e7able par votre compte CPF ?<\/p>\n<p>Les liens ci dessous vous permettent de vous inscrire \u00e0 des formations et tests CACES prises en charges par le CPF<\/p>\n<p><a href=\"http:\/\/ecoforma36.fr\"><img loading=\"lazy\" decoding=\"async\" class=\"wp-image-27 aligncenter\" src=\"http:\/\/ecoforma36.fr\/wp-content\/uploads\/2022\/07\/chariot-elevateur.jpg\" alt=\"utiliser son CPF\" width=\"154\" height=\"113\" srcset=\"https:\/\/ecoforma36.fr\/wp-content\/uploads\/2022\/07\/chariot-elevateur.jpg 274w, https:\/\/ecoforma36.fr\/wp-content\/uploads\/2022\/07\/chariot-elevateur-150x110.jpg 150w\" sizes=\"auto, (max-width: 154px) 100vw, 154px\" \/><\/a><\/p>\n<p><a href=\"http:\/\/ecoforma36.fr\"><img loading=\"lazy\" decoding=\"async\" class=\"wp-image-28 aligncenter\" src=\"http:\/\/ecoforma36.fr\/wp-content\/uploads\/2022\/07\/engins-de-chantier-300x190.jpg\" alt=\"Utiliser son CPF\" width=\"161\" height=\"102\" srcset=\"https:\/\/ecoforma36.fr\/wp-content\/uploads\/2022\/07\/engins-de-chantier-300x190.jpg 300w, https:\/\/ecoforma36.fr\/wp-content\/uploads\/2022\/07\/engins-de-chantier-150x95.jpg 150w, https:\/\/ecoforma36.fr\/wp-content\/uploads\/2022\/07\/engins-de-chantier.jpg 318w\" sizes=\"auto, (max-width: 161px) 100vw, 161px\" \/><\/a><\/p>\n<p style=\"text-align: center;\">\n","protected":false},"excerpt":{"rendered":"<p>Utiliser son CPF Le compte personnel formation (CPF) permet \u00e0 chaque salari\u00e9 de se former et ainsi d&rsquo;am\u00e9liorer son employabilit\u00e9, de changer de m\u00e9tier, etc. Ce compte est approvisionn\u00e9 chaque ann\u00e9e de 500.00\u20ac (pour une ann\u00e9e compl\u00e8te) ce montant se cumul chaque ann\u00e9e et contrairement \u00e0 tous les mails, fax&#8230;<\/p>\n<p class=\"continue-reading-button\"> <a class=\"continue-reading-link\" href=\"https:\/\/ecoforma36.fr\/index.php\/utiliser-son-cpf\/\">Continue reading<i class=\"crycon-right-dir\"><\/i><\/a><\/p>\n","protected":false},"author":1,"featured_media":0,"parent":0,"menu_order":0,"comment_status":"closed","ping_status":"closed","template":"","meta":{"footnotes":""},"class_list":["post-121","page","type-page","status-publish","hentry"],"yoast_head":"<!-- This site is optimized with the Yoast SEO plugin v27.5 - https:\/\/yoast.com\/product\/yoast-seo-wordpress\/ -->\n<title>Utiliser son CPF - ECOFORMA36 - CACES, AIPR, Habilitations \u00e9lectriuques \u00e0 Ch\u00e2teauroux et dans l&#039;indre<\/title>\n<meta name=\"description\" content=\"Utiliser son CPF permet \u00e0 chaque salari\u00e9 de se former et ainsi d&#039;am\u00e9liorer son employabilit\u00e9, de changer de m\u00e9tier, etc.\" \/>\n<meta name=\"robots\" content=\"index, follow, max-snippet:-1, max-image-preview:large, max-video-preview:-1\" \/>\n<link rel=\"canonical\" href=\"https:\/\/ecoforma36.fr\/index.php\/utiliser-son-cpf\/\" \/>\n<meta property=\"og:locale\" content=\"fr_FR\" \/>\n<meta property=\"og:type\" content=\"article\" \/>\n<meta property=\"og:title\" content=\"Utiliser son CPF - ECOFORMA36 - CACES, AIPR, Habilitations \u00e9lectriuques \u00e0 Ch\u00e2teauroux et dans l&#039;indre\" \/>\n<meta property=\"og:description\" content=\"Utiliser son CPF permet \u00e0 chaque salari\u00e9 de se former et ainsi d&#039;am\u00e9liorer son employabilit\u00e9, de changer de m\u00e9tier, etc.\" \/>\n<meta property=\"og:url\" content=\"https:\/\/ecoforma36.fr\/index.php\/utiliser-son-cpf\/\" \/>\n<meta property=\"og:site_name\" content=\"ECOFORMA36 - CACES, AIPR, Habilitations \u00e9lectriuques \u00e0 Ch\u00e2teauroux et dans l&#039;indre\" \/>\n<meta property=\"article:modified_time\" content=\"2023-01-26T13:02:56+00:00\" \/>\n<meta property=\"og:image\" content=\"http:\/\/ecoforma36.fr\/wp-content\/uploads\/2022\/07\/CPF-2.png\" \/>\n<meta name=\"twitter:card\" content=\"summary_large_image\" \/>\n<meta name=\"twitter:label1\" content=\"Dur\u00e9e de lecture estim\u00e9e\" \/>\n\t<meta name=\"twitter:data1\" content=\"2 minutes\" \/>\n<script type=\"application\/ld+json\" class=\"yoast-schema-graph\">{\"@context\":\"https:\\\/\\\/schema.org\",\"@graph\":[{\"@type\":\"WebPage\",\"@id\":\"https:\\\/\\\/ecoforma36.fr\\\/index.php\\\/utiliser-son-cpf\\\/\",\"url\":\"https:\\\/\\\/ecoforma36.fr\\\/index.php\\\/utiliser-son-cpf\\\/\",\"name\":\"Utiliser son CPF - ECOFORMA36 - CACES, AIPR, Habilitations \u00e9lectriuques \u00e0 Ch\u00e2teauroux et dans l&#039;indre\",\"isPartOf\":{\"@id\":\"https:\\\/\\\/ecoforma36.fr\\\/#website\"},\"primaryImageOfPage\":{\"@id\":\"https:\\\/\\\/ecoforma36.fr\\\/index.php\\\/utiliser-son-cpf\\\/#primaryimage\"},\"image\":{\"@id\":\"https:\\\/\\\/ecoforma36.fr\\\/index.php\\\/utiliser-son-cpf\\\/#primaryimage\"},\"thumbnailUrl\":\"http:\\\/\\\/ecoforma36.fr\\\/wp-content\\\/uploads\\\/2022\\\/07\\\/CPF-2.png\",\"datePublished\":\"2022-08-03T07:30:16+00:00\",\"dateModified\":\"2023-01-26T13:02:56+00:00\",\"description\":\"Utiliser son CPF permet \u00e0 chaque salari\u00e9 de se former et ainsi d'am\u00e9liorer son employabilit\u00e9, de changer de m\u00e9tier, etc.\",\"breadcrumb\":{\"@id\":\"https:\\\/\\\/ecoforma36.fr\\\/index.php\\\/utiliser-son-cpf\\\/#breadcrumb\"},\"inLanguage\":\"fr-FR\",\"potentialAction\":[{\"@type\":\"ReadAction\",\"target\":[\"https:\\\/\\\/ecoforma36.fr\\\/index.php\\\/utiliser-son-cpf\\\/\"]}]},{\"@type\":\"ImageObject\",\"inLanguage\":\"fr-FR\",\"@id\":\"https:\\\/\\\/ecoforma36.fr\\\/index.php\\\/utiliser-son-cpf\\\/#primaryimage\",\"url\":\"https:\\\/\\\/ecoforma36.fr\\\/wp-content\\\/uploads\\\/2022\\\/07\\\/CPF-2.png\",\"contentUrl\":\"https:\\\/\\\/ecoforma36.fr\\\/wp-content\\\/uploads\\\/2022\\\/07\\\/CPF-2.png\",\"width\":246,\"height\":205},{\"@type\":\"BreadcrumbList\",\"@id\":\"https:\\\/\\\/ecoforma36.fr\\\/index.php\\\/utiliser-son-cpf\\\/#breadcrumb\",\"itemListElement\":[{\"@type\":\"ListItem\",\"position\":1,\"name\":\"Accueil\",\"item\":\"https:\\\/\\\/ecoforma36.fr\\\/\"},{\"@type\":\"ListItem\",\"position\":2,\"name\":\"Utiliser son CPF\"}]},{\"@type\":\"WebSite\",\"@id\":\"https:\\\/\\\/ecoforma36.fr\\\/#website\",\"url\":\"https:\\\/\\\/ecoforma36.fr\\\/\",\"name\":\"ECOFORMA36 - CACES, AIPR, Habilitations \u00e9lectriuques \u00e0 Ch\u00e2teauroux et dans l&#039;indre\",\"description\":\"\",\"potentialAction\":[{\"@type\":\"SearchAction\",\"target\":{\"@type\":\"EntryPoint\",\"urlTemplate\":\"https:\\\/\\\/ecoforma36.fr\\\/?s={search_term_string}\"},\"query-input\":{\"@type\":\"PropertyValueSpecification\",\"valueRequired\":true,\"valueName\":\"search_term_string\"}}],\"inLanguage\":\"fr-FR\"}]}<\/script>\n<!-- \/ Yoast SEO plugin. -->","yoast_head_json":{"title":"Utiliser son CPF - ECOFORMA36 - CACES, AIPR, Habilitations \u00e9lectriuques \u00e0 Ch\u00e2teauroux et dans l&#039;indre","description":"Utiliser son CPF permet \u00e0 chaque salari\u00e9 de se former et ainsi d'am\u00e9liorer son employabilit\u00e9, de changer de m\u00e9tier, etc.","robots":{"index":"index","follow":"follow","max-snippet":"max-snippet:-1","max-image-preview":"max-image-preview:large","max-video-preview":"max-video-preview:-1"},"canonical":"https:\/\/ecoforma36.fr\/index.php\/utiliser-son-cpf\/","og_locale":"fr_FR","og_type":"article","og_title":"Utiliser son CPF - ECOFORMA36 - CACES, AIPR, Habilitations \u00e9lectriuques \u00e0 Ch\u00e2teauroux et dans l&#039;indre","og_description":"Utiliser son CPF permet \u00e0 chaque salari\u00e9 de se former et ainsi d'am\u00e9liorer son employabilit\u00e9, de changer de m\u00e9tier, etc.","og_url":"https:\/\/ecoforma36.fr\/index.php\/utiliser-son-cpf\/","og_site_name":"ECOFORMA36 - CACES, AIPR, Habilitations \u00e9lectriuques \u00e0 Ch\u00e2teauroux et dans l&#039;indre","article_modified_time":"2023-01-26T13:02:56+00:00","og_image":[{"url":"http:\/\/ecoforma36.fr\/wp-content\/uploads\/2022\/07\/CPF-2.png","type":"","width":"","height":""}],"twitter_card":"summary_large_image","twitter_misc":{"Dur\u00e9e de lecture estim\u00e9e":"2 minutes"},"schema":{"@context":"https:\/\/schema.org","@graph":[{"@type":"WebPage","@id":"https:\/\/ecoforma36.fr\/index.php\/utiliser-son-cpf\/","url":"https:\/\/ecoforma36.fr\/index.php\/utiliser-son-cpf\/","name":"Utiliser son CPF - ECOFORMA36 - CACES, AIPR, Habilitations \u00e9lectriuques \u00e0 Ch\u00e2teauroux et dans l&#039;indre","isPartOf":{"@id":"https:\/\/ecoforma36.fr\/#website"},"primaryImageOfPage":{"@id":"https:\/\/ecoforma36.fr\/index.php\/utiliser-son-cpf\/#primaryimage"},"image":{"@id":"https:\/\/ecoforma36.fr\/index.php\/utiliser-son-cpf\/#primaryimage"},"thumbnailUrl":"http:\/\/ecoforma36.fr\/wp-content\/uploads\/2022\/07\/CPF-2.png","datePublished":"2022-08-03T07:30:16+00:00","dateModified":"2023-01-26T13:02:56+00:00","description":"Utiliser son CPF permet \u00e0 chaque salari\u00e9 de se former et ainsi d'am\u00e9liorer son employabilit\u00e9, de changer de m\u00e9tier, etc.","breadcrumb":{"@id":"https:\/\/ecoforma36.fr\/index.php\/utiliser-son-cpf\/#breadcrumb"},"inLanguage":"fr-FR","potentialAction":[{"@type":"ReadAction","target":["https:\/\/ecoforma36.fr\/index.php\/utiliser-son-cpf\/"]}]},{"@type":"ImageObject","inLanguage":"fr-FR","@id":"https:\/\/ecoforma36.fr\/index.php\/utiliser-son-cpf\/#primaryimage","url":"https:\/\/ecoforma36.fr\/wp-content\/uploads\/2022\/07\/CPF-2.png","contentUrl":"https:\/\/ecoforma36.fr\/wp-content\/uploads\/2022\/07\/CPF-2.png","width":246,"height":205},{"@type":"BreadcrumbList","@id":"https:\/\/ecoforma36.fr\/index.php\/utiliser-son-cpf\/#breadcrumb","itemListElement":[{"@type":"ListItem","position":1,"name":"Accueil","item":"https:\/\/ecoforma36.fr\/"},{"@type":"ListItem","position":2,"name":"Utiliser son CPF"}]},{"@type":"WebSite","@id":"https:\/\/ecoforma36.fr\/#website","url":"https:\/\/ecoforma36.fr\/","name":"ECOFORMA36 - CACES, AIPR, Habilitations \u00e9lectriuques \u00e0 Ch\u00e2teauroux et dans l&#039;indre","description":"","potentialAction":[{"@type":"SearchAction","target":{"@type":"EntryPoint","urlTemplate":"https:\/\/ecoforma36.fr\/?s={search_term_string}"},"query-input":{"@type":"PropertyValueSpecification","valueRequired":true,"valueName":"search_term_string"}}],"inLanguage":"fr-FR"}]}},"_links":{"self":[{"href":"https:\/\/ecoforma36.fr\/index.php\/wp-json\/wp\/v2\/pages\/121","targetHints":{"allow":["GET"]}}],"collection":[{"href":"https:\/\/ecoforma36.fr\/index.php\/wp-json\/wp\/v2\/pages"}],"about":[{"href":"https:\/\/ecoforma36.fr\/index.php\/wp-json\/wp\/v2\/types\/page"}],"author":[{"embeddable":true,"href":"https:\/\/ecoforma36.fr\/index.php\/wp-json\/wp\/v2\/users\/1"}],"replies":[{"embeddable":true,"href":"https:\/\/ecoforma36.fr\/index.php\/wp-json\/wp\/v2\/comments?post=121"}],"version-history":[{"count":5,"href":"https:\/\/ecoforma36.fr\/index.php\/wp-json\/wp\/v2\/pages\/121\/revisions"}],"predecessor-version":[{"id":250,"href":"https:\/\/ecoforma36.fr\/index.php\/wp-json\/wp\/v2\/pages\/121\/revisions\/250"}],"wp:attachment":[{"href":"https:\/\/ecoforma36.fr\/index.php\/wp-json\/wp\/v2\/media?parent=121"}],"curies":[{"name":"wp","href":"https:\/\/api.w.org\/{rel}","templated":true}]}}