{"id":132,"date":"2022-08-04T08:12:23","date_gmt":"2022-08-04T06:12:23","guid":{"rendered":"http:\/\/ecoforma36.fr\/?page_id=132"},"modified":"2025-02-13T12:13:25","modified_gmt":"2025-02-13T11:13:25","slug":"habilitation-electrique","status":"publish","type":"page","link":"https:\/\/ecoforma36.fr\/index.php\/habilitation-electrique\/","title":{"rendered":"Habilitation \u00e9lectrique"},"content":{"rendered":"<p><em><strong>Habilitation \u00e9lectrique \u00e0 CHATEAUROUX<\/strong><\/em><\/p>\n<p><a href=\"http:\/\/ecoforma36.fr\"><img loading=\"lazy\" decoding=\"async\" class=\"size-medium wp-image-38 aligncenter\" src=\"http:\/\/ecoforma36.fr\/wp-content\/uploads\/2022\/07\/Slider-Habilitation-electrique-NFC-18510-300x104.jpg\" alt=\"habilitation \u00e9lectriqueCHATEAUROUX\" width=\"300\" height=\"104\" srcset=\"https:\/\/ecoforma36.fr\/wp-content\/uploads\/2022\/07\/Slider-Habilitation-electrique-NFC-18510-300x104.jpg 300w, https:\/\/ecoforma36.fr\/wp-content\/uploads\/2022\/07\/Slider-Habilitation-electrique-NFC-18510-1024x356.jpg 1024w, https:\/\/ecoforma36.fr\/wp-content\/uploads\/2022\/07\/Slider-Habilitation-electrique-NFC-18510-768x267.jpg 768w, https:\/\/ecoforma36.fr\/wp-content\/uploads\/2022\/07\/Slider-Habilitation-electrique-NFC-18510-150x52.jpg 150w, https:\/\/ecoforma36.fr\/wp-content\/uploads\/2022\/07\/Slider-Habilitation-electrique-NFC-18510.jpg 1150w\" sizes=\"auto, (max-width: 300px) 100vw, 300px\" \/><\/a><\/p>\n<p><em><strong>Habilitation \u00e9lectrique\u00a0 &#8211;<\/strong><\/em> l&rsquo;habilitation \u00e9lectrique est la reconnaissance par l\u2019employeur, de la capacit\u00e9 d\u2019un salari\u00e9 \u00e0 accomplir en s\u00e9curit\u00e9, vis-\u00e0-vis du risque \u00e9lectrique.<\/p>\n<p>Les travaux, les op\u00e9rations et l&rsquo;autorisation qui lui est donn\u00e9e d&rsquo;intervenir dans le cadre de son travail sur ou \u00e0 proximit\u00e9 d&rsquo;un ouvrage \u00e9lectrique en fonction du niveau de cette habilitation.<\/p>\n<p>Ces reconnaissances (habilitations) ne sont pas directement li\u00e9es \u00e0 la classification professionnelle. Elles sont mat\u00e9rialis\u00e9es par un document \u00e9tabli par l\u2019employeur.<\/p>\n<p>La d\u00e9livrance d\u2019une habilitation par l\u2019employeur ne d\u00e9gage pas pour autant n\u00e9cessairement la responsabilit\u00e9 de ce dernier.<\/p>\n<p>Elle est obligatoire pour les travailleurs amen\u00e9s \u00e0 r\u00e9aliser des op\u00e9rations sur les installations \u00e9lectriques et\/ou dans leur voisinage. Cette obligation est opposable \u00e0 l\u2019employeur par le d\u00e9cret n\u00b0 2010 du 22 septembre 2010 relatif aux op\u00e9rations effectu\u00e9es sur les installations \u00e9lectriques et dans leur voisinage.<\/p>\n<p>Tout salari\u00e9 qui est amen\u00e9 \u00e0 travailler avec du mat\u00e9riel \u00e9lectrique, ce qui implique que toute entreprise peut \u00eatre confront\u00e9e \u00e0 un accident d\u2019origine \u00e9lectrique, souvent tr\u00e8s grave (\u00e9lectrocution ou incendie).<\/p>\n<p><strong><em>Habilitation \u00e9lectrique Ch\u00e2teauroux &#8211; <\/em><\/strong>La pr\u00e9vention de ces risques repose, d\u2019une part, sur la mise en s\u00e9curit\u00e9 des installations et des mat\u00e9riels \u00e9lectriques et, d\u2019autre part, sur le respect des r\u00e8gles de s\u00e9curit\u00e9 lors de leur utilisation ou lors de l\u2019intervention sur ou \u00e0 proximit\u00e9 des installations \u00e9lectriques.<\/p>\n<p>Les personnes devant intervenir sur ou \u00e0 proximit\u00e9 d&rsquo;un ouvrage ou d&rsquo;une installation \u00e9lectrique<em><strong> doivent \u00eatre form\u00e9es<\/strong> et <strong>habilit\u00e9es par leur employeur<\/strong>.<\/em><\/p>\n<p>Diff\u00e9rentes mesures de protection doivent \u00eatre mises en \u0153uvre afin qu\u2019elles puissent travailler en s\u00e9curit\u00e9\u00a0: signaler le local ou l\u2019intervention, isoler l\u2019installation \u00e9lectrique, mettre en place des mesures de protection pour les travaux sur ou au voisinage des installations, v\u00e9rifier les installations, fournir des \u00e9quipements de protection individuelle si n\u00e9cessaire<\/p>\n<p><strong>ECOFORMA36<\/strong> organise des session Intra Entreprise (th\u00e9orie et pratique) \u00e0 Ch\u00e2teauroux et dans l&rsquo;Indre .<\/p>\n<p>Les dur\u00e9es de formation initiale ou de recyclage sont fonction du\/des symboles d&rsquo;habilitations requis, ECOFORMA36 respecte les dur\u00e9es pr\u00e9conis\u00e9es (th\u00e9orie et pratique) par la NORME NFC18510 et les recommandations CNAM.<\/p>\n<h5><span style=\"font-size: 12pt;\">Pour plus de renseignements n&rsquo;h\u00e9sitez pas \u00e0 nous contacter au 05 49 91 57 87 ou par mail : <a href=\"mailto:david@essentiels-formations.fr\">david@essentiels-formations.fr<\/a><\/span><\/h5>\n<p><a href=\"http:\/\/ecoforma36.fr\"><img loading=\"lazy\" decoding=\"async\" class=\"size-thumbnail wp-image-23\" src=\"http:\/\/ecoforma36.fr\/wp-content\/uploads\/2022\/07\/electricien-2-2-150x150.jpg\" alt=\"Habilitation \u00e9lectrique CHATEAUROUX\" width=\"150\" height=\"150\" \/><\/a><\/p>\n<p><span style=\"font-size: 12pt;\">Dur\u00e9es des formations initiales par symboles ou groupe de symboles :<\/span><\/p>\n<table>\n<tbody>\n<tr>\n<td width=\"152\"><em><strong>Symboles\u00a0<\/strong><\/em><\/td>\n<td width=\"80\"><em><strong>Initial<\/strong><\/em><\/td>\n<td width=\"80\"><em><strong>Recyclage<\/strong><\/em><\/td>\n<\/tr>\n<tr>\n<td>B0H0<\/td>\n<td>1<\/td>\n<td>1<\/td>\n<\/tr>\n<tr>\n<td>H0(V)<\/td>\n<td>1,5<\/td>\n<td>1<\/td>\n<\/tr>\n<tr>\n<td>BS<\/td>\n<td>2<\/td>\n<td>1,5<\/td>\n<\/tr>\n<tr>\n<td>BE Man\u0153uvre<\/td>\n<td>2<\/td>\n<td>1,5<\/td>\n<\/tr>\n<tr>\n<td>H1-B1(V)<\/td>\n<td>3<\/td>\n<td>1,5<\/td>\n<\/tr>\n<tr>\n<td>H2-B2(V)<\/td>\n<td>3<\/td>\n<td>1,5<\/td>\n<\/tr>\n<tr>\n<td>BR<\/td>\n<td>3<\/td>\n<td>1,5<\/td>\n<\/tr>\n<tr>\n<td>H2\/B2(V) ESSAI<\/td>\n<td>3<\/td>\n<td>1,5<\/td>\n<\/tr>\n<tr>\n<td>HE\/BE &#8211; ESSAI<\/td>\n<td>3<\/td>\n<td>1,5<\/td>\n<\/tr>\n<tr>\n<td>B2(V) H2(V) BR BC<\/td>\n<td>4<\/td>\n<td>1,5<\/td>\n<\/tr>\n<tr>\n<td>HE\/BE\u00a0 &#8211; VERIFICATION<\/td>\n<td>3<\/td>\n<td>1,5<\/td>\n<\/tr>\n<tr>\n<td>HE\/BE &#8211; MESURE<\/td>\n<td>3<\/td>\n<td>1,5<\/td>\n<\/tr>\n<tr>\n<td>HC<\/td>\n<td>2<\/td>\n<td>1,5<\/td>\n<\/tr>\n<\/tbody>\n<\/table>\n<p><span style=\"font-size: 14pt;\">Nos autres sites ECOFORMA :<\/span><\/p>\n<p><a href=\"http:\/\/ecoforma18.fr\">Bourges (18) ECOFORMA18\u00a0<\/a>\u00a0 &#8211;\u00a0\u00a0 <a href=\"http:\/\/ecoforma45.fr\">Orl\u00e9ans (45) ECOFORMA45\u00a0<\/a> &#8211;\u00a0\u00a0 <a href=\"http:\/\/ecoforma86.fr\">Poitiers (86) ECOFORMA86\u00a0 <\/a><\/p>\n<p>Villefranche S\/Sa\u00f4ne (69) ECOFORMA 69\u00a0 &#8211;\u00a0<a href=\"http:\/\/ecoforma-idf.fr\"> Ile de France (91.92.93.94.95) ECOFORMA IDF<\/a><\/p>\n<p>&nbsp;<\/p>\n","protected":false},"excerpt":{"rendered":"<p>Habilitation \u00e9lectrique \u00e0 CHATEAUROUX Habilitation \u00e9lectrique\u00a0 &#8211; l&rsquo;habilitation \u00e9lectrique est la reconnaissance par l\u2019employeur, de la capacit\u00e9 d\u2019un salari\u00e9 \u00e0 accomplir en s\u00e9curit\u00e9, vis-\u00e0-vis du risque \u00e9lectrique. Les travaux, les op\u00e9rations et l&rsquo;autorisation qui lui est donn\u00e9e d&rsquo;intervenir dans le cadre de son travail sur ou \u00e0 proximit\u00e9 d&rsquo;un ouvrage&#8230;<\/p>\n<p class=\"continue-reading-button\"> <a class=\"continue-reading-link\" href=\"https:\/\/ecoforma36.fr\/index.php\/habilitation-electrique\/\">Continue reading<i class=\"crycon-right-dir\"><\/i><\/a><\/p>\n","protected":false},"author":1,"featured_media":0,"parent":0,"menu_order":0,"comment_status":"closed","ping_status":"closed","template":"","meta":{"footnotes":""},"class_list":["post-132","page","type-page","status-publish","hentry"],"yoast_head":"<!-- This site is optimized with the Yoast SEO plugin v27.4 - https:\/\/yoast.com\/product\/yoast-seo-wordpress\/ -->\n<title>Habilitation \u00e9lectrique - ECOFORMA36 - CACES, AIPR, Habilitations \u00e9lectriuques \u00e0 Ch\u00e2teauroux et dans l&#039;indre<\/title>\n<meta name=\"description\" content=\"Habilitation \u00e9lectrique, les personnes devant intervenir sur ou \u00e0 proximit\u00e9 d&#039;une installation \u00e9lectrique doivent \u00eatre habilit\u00e9es\" \/>\n<meta name=\"robots\" content=\"index, follow, max-snippet:-1, max-image-preview:large, max-video-preview:-1\" \/>\n<link rel=\"canonical\" href=\"https:\/\/ecoforma36.fr\/index.php\/habilitation-electrique\/\" \/>\n<meta property=\"og:locale\" content=\"fr_FR\" \/>\n<meta property=\"og:type\" content=\"article\" \/>\n<meta property=\"og:title\" content=\"Habilitation \u00e9lectrique - ECOFORMA36 - CACES, AIPR, Habilitations \u00e9lectriuques \u00e0 Ch\u00e2teauroux et dans l&#039;indre\" \/>\n<meta property=\"og:description\" content=\"Habilitation \u00e9lectrique, les personnes devant intervenir sur ou \u00e0 proximit\u00e9 d&#039;une installation \u00e9lectrique doivent \u00eatre habilit\u00e9es\" \/>\n<meta property=\"og:url\" content=\"https:\/\/ecoforma36.fr\/index.php\/habilitation-electrique\/\" \/>\n<meta property=\"og:site_name\" content=\"ECOFORMA36 - CACES, AIPR, Habilitations \u00e9lectriuques \u00e0 Ch\u00e2teauroux et dans l&#039;indre\" \/>\n<meta property=\"article:modified_time\" content=\"2025-02-13T11:13:25+00:00\" \/>\n<meta property=\"og:image\" content=\"http:\/\/ecoforma36.fr\/wp-content\/uploads\/2022\/07\/Slider-Habilitation-electrique-NFC-18510-300x104.jpg\" \/>\n<meta name=\"twitter:card\" content=\"summary_large_image\" \/>\n<meta name=\"twitter:label1\" content=\"Dur\u00e9e de lecture estim\u00e9e\" \/>\n\t<meta name=\"twitter:data1\" content=\"3 minutes\" \/>\n<script type=\"application\/ld+json\" class=\"yoast-schema-graph\">{\"@context\":\"https:\\\/\\\/schema.org\",\"@graph\":[{\"@type\":\"WebPage\",\"@id\":\"https:\\\/\\\/ecoforma36.fr\\\/index.php\\\/habilitation-electrique\\\/\",\"url\":\"https:\\\/\\\/ecoforma36.fr\\\/index.php\\\/habilitation-electrique\\\/\",\"name\":\"Habilitation \u00e9lectrique - ECOFORMA36 - CACES, AIPR, Habilitations \u00e9lectriuques \u00e0 Ch\u00e2teauroux et dans l&#039;indre\",\"isPartOf\":{\"@id\":\"https:\\\/\\\/ecoforma36.fr\\\/#website\"},\"primaryImageOfPage\":{\"@id\":\"https:\\\/\\\/ecoforma36.fr\\\/index.php\\\/habilitation-electrique\\\/#primaryimage\"},\"image\":{\"@id\":\"https:\\\/\\\/ecoforma36.fr\\\/index.php\\\/habilitation-electrique\\\/#primaryimage\"},\"thumbnailUrl\":\"http:\\\/\\\/ecoforma36.fr\\\/wp-content\\\/uploads\\\/2022\\\/07\\\/Slider-Habilitation-electrique-NFC-18510-300x104.jpg\",\"datePublished\":\"2022-08-04T06:12:23+00:00\",\"dateModified\":\"2025-02-13T11:13:25+00:00\",\"description\":\"Habilitation \u00e9lectrique, les personnes devant intervenir sur ou \u00e0 proximit\u00e9 d'une installation \u00e9lectrique doivent \u00eatre habilit\u00e9es\",\"breadcrumb\":{\"@id\":\"https:\\\/\\\/ecoforma36.fr\\\/index.php\\\/habilitation-electrique\\\/#breadcrumb\"},\"inLanguage\":\"fr-FR\",\"potentialAction\":[{\"@type\":\"ReadAction\",\"target\":[\"https:\\\/\\\/ecoforma36.fr\\\/index.php\\\/habilitation-electrique\\\/\"]}]},{\"@type\":\"ImageObject\",\"inLanguage\":\"fr-FR\",\"@id\":\"https:\\\/\\\/ecoforma36.fr\\\/index.php\\\/habilitation-electrique\\\/#primaryimage\",\"url\":\"https:\\\/\\\/ecoforma36.fr\\\/wp-content\\\/uploads\\\/2022\\\/07\\\/Slider-Habilitation-electrique-NFC-18510.jpg\",\"contentUrl\":\"https:\\\/\\\/ecoforma36.fr\\\/wp-content\\\/uploads\\\/2022\\\/07\\\/Slider-Habilitation-electrique-NFC-18510.jpg\",\"width\":1150,\"height\":400},{\"@type\":\"BreadcrumbList\",\"@id\":\"https:\\\/\\\/ecoforma36.fr\\\/index.php\\\/habilitation-electrique\\\/#breadcrumb\",\"itemListElement\":[{\"@type\":\"ListItem\",\"position\":1,\"name\":\"Accueil\",\"item\":\"https:\\\/\\\/ecoforma36.fr\\\/\"},{\"@type\":\"ListItem\",\"position\":2,\"name\":\"Habilitation \u00e9lectrique\"}]},{\"@type\":\"WebSite\",\"@id\":\"https:\\\/\\\/ecoforma36.fr\\\/#website\",\"url\":\"https:\\\/\\\/ecoforma36.fr\\\/\",\"name\":\"ECOFORMA36 - CACES, AIPR, Habilitations \u00e9lectriuques \u00e0 Ch\u00e2teauroux et dans l&#039;indre\",\"description\":\"\",\"potentialAction\":[{\"@type\":\"SearchAction\",\"target\":{\"@type\":\"EntryPoint\",\"urlTemplate\":\"https:\\\/\\\/ecoforma36.fr\\\/?s={search_term_string}\"},\"query-input\":{\"@type\":\"PropertyValueSpecification\",\"valueRequired\":true,\"valueName\":\"search_term_string\"}}],\"inLanguage\":\"fr-FR\"}]}<\/script>\n<!-- \/ Yoast SEO plugin. -->","yoast_head_json":{"title":"Habilitation \u00e9lectrique - ECOFORMA36 - CACES, AIPR, Habilitations \u00e9lectriuques \u00e0 Ch\u00e2teauroux et dans l&#039;indre","description":"Habilitation \u00e9lectrique, les personnes devant intervenir sur ou \u00e0 proximit\u00e9 d'une installation \u00e9lectrique doivent \u00eatre habilit\u00e9es","robots":{"index":"index","follow":"follow","max-snippet":"max-snippet:-1","max-image-preview":"max-image-preview:large","max-video-preview":"max-video-preview:-1"},"canonical":"https:\/\/ecoforma36.fr\/index.php\/habilitation-electrique\/","og_locale":"fr_FR","og_type":"article","og_title":"Habilitation \u00e9lectrique - ECOFORMA36 - CACES, AIPR, Habilitations \u00e9lectriuques \u00e0 Ch\u00e2teauroux et dans l&#039;indre","og_description":"Habilitation \u00e9lectrique, les personnes devant intervenir sur ou \u00e0 proximit\u00e9 d'une installation \u00e9lectrique doivent \u00eatre habilit\u00e9es","og_url":"https:\/\/ecoforma36.fr\/index.php\/habilitation-electrique\/","og_site_name":"ECOFORMA36 - CACES, AIPR, Habilitations \u00e9lectriuques \u00e0 Ch\u00e2teauroux et dans l&#039;indre","article_modified_time":"2025-02-13T11:13:25+00:00","og_image":[{"url":"http:\/\/ecoforma36.fr\/wp-content\/uploads\/2022\/07\/Slider-Habilitation-electrique-NFC-18510-300x104.jpg","type":"","width":"","height":""}],"twitter_card":"summary_large_image","twitter_misc":{"Dur\u00e9e de lecture estim\u00e9e":"3 minutes"},"schema":{"@context":"https:\/\/schema.org","@graph":[{"@type":"WebPage","@id":"https:\/\/ecoforma36.fr\/index.php\/habilitation-electrique\/","url":"https:\/\/ecoforma36.fr\/index.php\/habilitation-electrique\/","name":"Habilitation \u00e9lectrique - ECOFORMA36 - CACES, AIPR, Habilitations \u00e9lectriuques \u00e0 Ch\u00e2teauroux et dans l&#039;indre","isPartOf":{"@id":"https:\/\/ecoforma36.fr\/#website"},"primaryImageOfPage":{"@id":"https:\/\/ecoforma36.fr\/index.php\/habilitation-electrique\/#primaryimage"},"image":{"@id":"https:\/\/ecoforma36.fr\/index.php\/habilitation-electrique\/#primaryimage"},"thumbnailUrl":"http:\/\/ecoforma36.fr\/wp-content\/uploads\/2022\/07\/Slider-Habilitation-electrique-NFC-18510-300x104.jpg","datePublished":"2022-08-04T06:12:23+00:00","dateModified":"2025-02-13T11:13:25+00:00","description":"Habilitation \u00e9lectrique, les personnes devant intervenir sur ou \u00e0 proximit\u00e9 d'une installation \u00e9lectrique doivent \u00eatre habilit\u00e9es","breadcrumb":{"@id":"https:\/\/ecoforma36.fr\/index.php\/habilitation-electrique\/#breadcrumb"},"inLanguage":"fr-FR","potentialAction":[{"@type":"ReadAction","target":["https:\/\/ecoforma36.fr\/index.php\/habilitation-electrique\/"]}]},{"@type":"ImageObject","inLanguage":"fr-FR","@id":"https:\/\/ecoforma36.fr\/index.php\/habilitation-electrique\/#primaryimage","url":"https:\/\/ecoforma36.fr\/wp-content\/uploads\/2022\/07\/Slider-Habilitation-electrique-NFC-18510.jpg","contentUrl":"https:\/\/ecoforma36.fr\/wp-content\/uploads\/2022\/07\/Slider-Habilitation-electrique-NFC-18510.jpg","width":1150,"height":400},{"@type":"BreadcrumbList","@id":"https:\/\/ecoforma36.fr\/index.php\/habilitation-electrique\/#breadcrumb","itemListElement":[{"@type":"ListItem","position":1,"name":"Accueil","item":"https:\/\/ecoforma36.fr\/"},{"@type":"ListItem","position":2,"name":"Habilitation \u00e9lectrique"}]},{"@type":"WebSite","@id":"https:\/\/ecoforma36.fr\/#website","url":"https:\/\/ecoforma36.fr\/","name":"ECOFORMA36 - CACES, AIPR, Habilitations \u00e9lectriuques \u00e0 Ch\u00e2teauroux et dans l&#039;indre","description":"","potentialAction":[{"@type":"SearchAction","target":{"@type":"EntryPoint","urlTemplate":"https:\/\/ecoforma36.fr\/?s={search_term_string}"},"query-input":{"@type":"PropertyValueSpecification","valueRequired":true,"valueName":"search_term_string"}}],"inLanguage":"fr-FR"}]}},"_links":{"self":[{"href":"https:\/\/ecoforma36.fr\/index.php\/wp-json\/wp\/v2\/pages\/132","targetHints":{"allow":["GET"]}}],"collection":[{"href":"https:\/\/ecoforma36.fr\/index.php\/wp-json\/wp\/v2\/pages"}],"about":[{"href":"https:\/\/ecoforma36.fr\/index.php\/wp-json\/wp\/v2\/types\/page"}],"author":[{"embeddable":true,"href":"https:\/\/ecoforma36.fr\/index.php\/wp-json\/wp\/v2\/users\/1"}],"replies":[{"embeddable":true,"href":"https:\/\/ecoforma36.fr\/index.php\/wp-json\/wp\/v2\/comments?post=132"}],"version-history":[{"count":5,"href":"https:\/\/ecoforma36.fr\/index.php\/wp-json\/wp\/v2\/pages\/132\/revisions"}],"predecessor-version":[{"id":268,"href":"https:\/\/ecoforma36.fr\/index.php\/wp-json\/wp\/v2\/pages\/132\/revisions\/268"}],"wp:attachment":[{"href":"https:\/\/ecoforma36.fr\/index.php\/wp-json\/wp\/v2\/media?parent=132"}],"curies":[{"name":"wp","href":"https:\/\/api.w.org\/{rel}","templated":true}]}}