{"id":140,"date":"2022-08-04T08:55:16","date_gmt":"2022-08-04T06:55:16","guid":{"rendered":"http:\/\/ecoforma36.fr\/?page_id=140"},"modified":"2025-02-13T12:14:25","modified_gmt":"2025-02-13T11:14:25","slug":"formation-echafaudage","status":"publish","type":"page","link":"https:\/\/ecoforma36.fr\/index.php\/formation-echafaudage\/","title":{"rendered":"Formation Echafaudage"},"content":{"rendered":"<p><strong><em>formation \u00e9chafaudage Chateauroux<\/em><\/strong>\u00a0(formations et validations de comp\u00e9tences suivant recommandations R408 et R457 de la CNAMTS pour les \u00e9chafaudages fixes ou roulants (Montage, utilisation, d\u00e9montage)<\/p>\n<p><a href=\"http:\/\/ecoforma36.fr\"><img loading=\"lazy\" decoding=\"async\" class=\"size-thumbnail wp-image-31 aligncenter\" src=\"http:\/\/ecoforma36.fr\/wp-content\/uploads\/2022\/07\/echafaude_web1-150x150.jpg\" alt=\"formation \u00e9chafaudage chateauroux\" width=\"150\" height=\"150\" \/><\/a><\/p>\n<p><strong><em>formation \u00e9chafaudage Chateauroux<\/em><\/strong>\u00a0<em><strong> Orl\u00e9ans \u2013 <\/strong><\/em><strong><em>ECOFORMA36<\/em><\/strong> propose des formations \u00e9chafaudages et validations pour l&rsquo;utilisation le montage et\/ou l&rsquo;utilisation et\/ou le d\u00e9montage des \u00e9chafaudages fixes (R408) ou roulants (R457) ces formations et\u00a0 \u00e9valuations qui sont un bon moyen pour l\u2019employeur de respecter ses obligations r\u00e9glementaires et lui permettre la d\u00e9livrance de l\u2019autorisation de montage, utilisation et d\u00e9montage des mat\u00e9riels concern\u00e9s (<em>Attention, ces formations et ces validations ne se\u00a0dispensent pas de l&rsquo;obligation de contr\u00f4le obligatoire de ces mat\u00e9riels conform\u00e9ment \u00e0 la l\u00e9gislation en vigueur au moment de l&rsquo;utilisation<\/em>).<\/p>\n<p>Les connaissances th\u00e9oriques et pratiques du\/des salari\u00e9s concern\u00e9s sont r\u00e9\u00e9valu\u00e9es aussi souvent que n\u00e9cessaires, l&rsquo;\u00e9ch\u00e9ance de cette r\u00e9\u00e9valuation est laiss\u00e9e \u00e0 l&rsquo;appr\u00e9ciation et la responsabilit\u00e9 du chef d&rsquo;entreprise (la fr\u00e9quence des renouvellements est recommand\u00e9e tous les 3 ans)<\/p>\n<p>Le fait qu&rsquo;un nouveau salari\u00e9 dispose d&rsquo;une attestation de comp\u00e9tence (ou de formations \u00e9chafaudages) acquise pr\u00e9c\u00e9demment \u00e0 son embauche ne dispense pas le chef d&rsquo;entreprise de v\u00e9rifier les capacit\u00e9s du dit salari\u00e9 \u00e0 monter, utiliser et\/ou d\u00e9monter le mat\u00e9riel conform\u00e9ment aux r\u00e8gles de s\u00e9curit\u00e9<\/p>\n<p>ECOFORMA36 intervient en Interentreprises, afin de former les personnels sur les mat\u00e9riels qu&rsquo;ils ont l&rsquo;habitude d&rsquo;utiliser sous r\u00e9serve que celui-ci soit aux normes exig\u00e9s par les textes au jour de la formation<\/p>\n<p>Les dur\u00e9es sont variables en fonction du type de mat\u00e9riels et de l&rsquo;exp\u00e9rience des personnels concern\u00e9s<\/p>\n<p>Pour plus d\u2019informations ou demande particuli\u00e8re, contactez votre conseiller qui vous guidera dans les d\u00e9marches en lui laissant un mail sur <a href=\"mailto:david@essentiels-formations.fr\">david@essentiels-formations.fr\u00a0<\/a> ou le contacter par t\u00e9l\u00e9phone au 05 49 91 57 87 de 10h00 \u00e0 12h00 et de 14h00 \u00e0 17h00 du lundi au vendredi<\/p>\n<p><a href=\"http:\/\/ecoforma6.fr\"><img loading=\"lazy\" decoding=\"async\" class=\"size-thumbnail wp-image-141 aligncenter\" src=\"http:\/\/ecoforma36.fr\/wp-content\/uploads\/2022\/08\/Echafaudage-150x150.gif\" alt=\"echafaudage chateauroux\" width=\"150\" height=\"150\" \/><\/a><\/p>\n<p>Nos autres plateaux techniques :<\/p>\n<p><a href=\"http:\/\/ecoforma45.fr\">ORLEANS ECOFORMA45<\/a> &#8211; <a href=\"http:\/\/ecoforma18.fr\">BOURGES ECOFORMA18<\/a> &#8211; <a href=\"http:\/\/ecoforma86.fr\">POITIERS ECOFORMA86<\/a><\/p>\n<p>VILLEFRANCHE SUR SAONE ECOFORMA 69 &#8211;<a href=\"http:\/\/ecoforma-idf.fr\"> Paris Ile de France ECOFORMA IDF<\/a><\/p>\n","protected":false},"excerpt":{"rendered":"<p>formation \u00e9chafaudage Chateauroux\u00a0(formations et validations de comp\u00e9tences suivant recommandations R408 et R457 de la CNAMTS pour les \u00e9chafaudages fixes ou roulants (Montage, utilisation, d\u00e9montage) formation \u00e9chafaudage Chateauroux\u00a0 Orl\u00e9ans \u2013 ECOFORMA36 propose des formations \u00e9chafaudages et validations pour l&rsquo;utilisation le montage et\/ou l&rsquo;utilisation et\/ou le d\u00e9montage des \u00e9chafaudages fixes (R408) ou&#8230;<\/p>\n<p class=\"continue-reading-button\"> <a class=\"continue-reading-link\" href=\"https:\/\/ecoforma36.fr\/index.php\/formation-echafaudage\/\">Continue reading<i class=\"crycon-right-dir\"><\/i><\/a><\/p>\n","protected":false},"author":1,"featured_media":0,"parent":0,"menu_order":0,"comment_status":"closed","ping_status":"closed","template":"","meta":{"footnotes":""},"class_list":["post-140","page","type-page","status-publish","hentry"],"yoast_head":"<!-- This site is optimized with the Yoast SEO plugin v27.4 - https:\/\/yoast.com\/product\/yoast-seo-wordpress\/ -->\n<title>Formation Echafaudage - ECOFORMA36 - CACES, AIPR, Habilitations \u00e9lectriuques \u00e0 Ch\u00e2teauroux et dans l&#039;indre ECOFORMA36 - CACES, AIPR, Habilitations \u00e9lectriuques \u00e0 Ch\u00e2teauroux et dans l&#039;indre %<\/title>\n<meta name=\"description\" content=\"formation \u00e9chafaudage permet la d\u00e9livrance de l\u2019autorisation de montage, utilisation et d\u00e9montage des \u00e9chafaudages fixes et\/ou roulant\" \/>\n<meta name=\"robots\" content=\"index, follow, max-snippet:-1, max-image-preview:large, max-video-preview:-1\" \/>\n<link rel=\"canonical\" href=\"https:\/\/ecoforma36.fr\/index.php\/formation-echafaudage\/\" \/>\n<meta property=\"og:locale\" content=\"fr_FR\" \/>\n<meta property=\"og:type\" content=\"article\" \/>\n<meta property=\"og:title\" content=\"Formation Echafaudage - ECOFORMA36 - CACES, AIPR, Habilitations \u00e9lectriuques \u00e0 Ch\u00e2teauroux et dans l&#039;indre ECOFORMA36 - CACES, AIPR, Habilitations \u00e9lectriuques \u00e0 Ch\u00e2teauroux et dans l&#039;indre %\" \/>\n<meta property=\"og:description\" content=\"formation \u00e9chafaudage permet la d\u00e9livrance de l\u2019autorisation de montage, utilisation et d\u00e9montage des \u00e9chafaudages fixes et\/ou roulant\" \/>\n<meta property=\"og:url\" content=\"https:\/\/ecoforma36.fr\/index.php\/formation-echafaudage\/\" \/>\n<meta property=\"og:site_name\" content=\"ECOFORMA36 - CACES, AIPR, Habilitations \u00e9lectriuques \u00e0 Ch\u00e2teauroux et dans l&#039;indre\" \/>\n<meta property=\"article:modified_time\" content=\"2025-02-13T11:14:25+00:00\" \/>\n<meta property=\"og:image\" content=\"http:\/\/ecoforma36.fr\/wp-content\/uploads\/2022\/07\/echafaude_web1-150x150.jpg\" \/>\n<meta name=\"twitter:card\" content=\"summary_large_image\" \/>\n<meta name=\"twitter:label1\" content=\"Dur\u00e9e de lecture estim\u00e9e\" \/>\n\t<meta name=\"twitter:data1\" content=\"2 minutes\" \/>\n<script type=\"application\/ld+json\" class=\"yoast-schema-graph\">{\"@context\":\"https:\\\/\\\/schema.org\",\"@graph\":[{\"@type\":\"WebPage\",\"@id\":\"https:\\\/\\\/ecoforma36.fr\\\/index.php\\\/formation-echafaudage\\\/\",\"url\":\"https:\\\/\\\/ecoforma36.fr\\\/index.php\\\/formation-echafaudage\\\/\",\"name\":\"Formation Echafaudage - ECOFORMA36 - CACES, AIPR, Habilitations \u00e9lectriuques \u00e0 Ch\u00e2teauroux et dans l&#039;indre ECOFORMA36 - CACES, AIPR, Habilitations \u00e9lectriuques \u00e0 Ch\u00e2teauroux et dans l&#039;indre %\",\"isPartOf\":{\"@id\":\"https:\\\/\\\/ecoforma36.fr\\\/#website\"},\"primaryImageOfPage\":{\"@id\":\"https:\\\/\\\/ecoforma36.fr\\\/index.php\\\/formation-echafaudage\\\/#primaryimage\"},\"image\":{\"@id\":\"https:\\\/\\\/ecoforma36.fr\\\/index.php\\\/formation-echafaudage\\\/#primaryimage\"},\"thumbnailUrl\":\"http:\\\/\\\/ecoforma36.fr\\\/wp-content\\\/uploads\\\/2022\\\/07\\\/echafaude_web1-150x150.jpg\",\"datePublished\":\"2022-08-04T06:55:16+00:00\",\"dateModified\":\"2025-02-13T11:14:25+00:00\",\"description\":\"formation \u00e9chafaudage permet la d\u00e9livrance de l\u2019autorisation de montage, utilisation et d\u00e9montage des \u00e9chafaudages fixes et\\\/ou roulant\",\"breadcrumb\":{\"@id\":\"https:\\\/\\\/ecoforma36.fr\\\/index.php\\\/formation-echafaudage\\\/#breadcrumb\"},\"inLanguage\":\"fr-FR\",\"potentialAction\":[{\"@type\":\"ReadAction\",\"target\":[\"https:\\\/\\\/ecoforma36.fr\\\/index.php\\\/formation-echafaudage\\\/\"]}]},{\"@type\":\"ImageObject\",\"inLanguage\":\"fr-FR\",\"@id\":\"https:\\\/\\\/ecoforma36.fr\\\/index.php\\\/formation-echafaudage\\\/#primaryimage\",\"url\":\"https:\\\/\\\/ecoforma36.fr\\\/wp-content\\\/uploads\\\/2022\\\/07\\\/echafaude_web1.jpg\",\"contentUrl\":\"https:\\\/\\\/ecoforma36.fr\\\/wp-content\\\/uploads\\\/2022\\\/07\\\/echafaude_web1.jpg\",\"width\":318,\"height\":201},{\"@type\":\"BreadcrumbList\",\"@id\":\"https:\\\/\\\/ecoforma36.fr\\\/index.php\\\/formation-echafaudage\\\/#breadcrumb\",\"itemListElement\":[{\"@type\":\"ListItem\",\"position\":1,\"name\":\"Accueil\",\"item\":\"https:\\\/\\\/ecoforma36.fr\\\/\"},{\"@type\":\"ListItem\",\"position\":2,\"name\":\"Formation Echafaudage\"}]},{\"@type\":\"WebSite\",\"@id\":\"https:\\\/\\\/ecoforma36.fr\\\/#website\",\"url\":\"https:\\\/\\\/ecoforma36.fr\\\/\",\"name\":\"ECOFORMA36 - CACES, AIPR, Habilitations \u00e9lectriuques \u00e0 Ch\u00e2teauroux et dans l&#039;indre\",\"description\":\"\",\"potentialAction\":[{\"@type\":\"SearchAction\",\"target\":{\"@type\":\"EntryPoint\",\"urlTemplate\":\"https:\\\/\\\/ecoforma36.fr\\\/?s={search_term_string}\"},\"query-input\":{\"@type\":\"PropertyValueSpecification\",\"valueRequired\":true,\"valueName\":\"search_term_string\"}}],\"inLanguage\":\"fr-FR\"}]}<\/script>\n<!-- \/ Yoast SEO plugin. -->","yoast_head_json":{"title":"Formation Echafaudage - ECOFORMA36 - CACES, AIPR, Habilitations \u00e9lectriuques \u00e0 Ch\u00e2teauroux et dans l&#039;indre ECOFORMA36 - CACES, AIPR, Habilitations \u00e9lectriuques \u00e0 Ch\u00e2teauroux et dans l&#039;indre %","description":"formation \u00e9chafaudage permet la d\u00e9livrance de l\u2019autorisation de montage, utilisation et d\u00e9montage des \u00e9chafaudages fixes et\/ou roulant","robots":{"index":"index","follow":"follow","max-snippet":"max-snippet:-1","max-image-preview":"max-image-preview:large","max-video-preview":"max-video-preview:-1"},"canonical":"https:\/\/ecoforma36.fr\/index.php\/formation-echafaudage\/","og_locale":"fr_FR","og_type":"article","og_title":"Formation Echafaudage - ECOFORMA36 - CACES, AIPR, Habilitations \u00e9lectriuques \u00e0 Ch\u00e2teauroux et dans l&#039;indre ECOFORMA36 - CACES, AIPR, Habilitations \u00e9lectriuques \u00e0 Ch\u00e2teauroux et dans l&#039;indre %","og_description":"formation \u00e9chafaudage permet la d\u00e9livrance de l\u2019autorisation de montage, utilisation et d\u00e9montage des \u00e9chafaudages fixes et\/ou roulant","og_url":"https:\/\/ecoforma36.fr\/index.php\/formation-echafaudage\/","og_site_name":"ECOFORMA36 - CACES, AIPR, Habilitations \u00e9lectriuques \u00e0 Ch\u00e2teauroux et dans l&#039;indre","article_modified_time":"2025-02-13T11:14:25+00:00","og_image":[{"url":"http:\/\/ecoforma36.fr\/wp-content\/uploads\/2022\/07\/echafaude_web1-150x150.jpg","type":"","width":"","height":""}],"twitter_card":"summary_large_image","twitter_misc":{"Dur\u00e9e de lecture estim\u00e9e":"2 minutes"},"schema":{"@context":"https:\/\/schema.org","@graph":[{"@type":"WebPage","@id":"https:\/\/ecoforma36.fr\/index.php\/formation-echafaudage\/","url":"https:\/\/ecoforma36.fr\/index.php\/formation-echafaudage\/","name":"Formation Echafaudage - ECOFORMA36 - CACES, AIPR, Habilitations \u00e9lectriuques \u00e0 Ch\u00e2teauroux et dans l&#039;indre ECOFORMA36 - CACES, AIPR, Habilitations \u00e9lectriuques \u00e0 Ch\u00e2teauroux et dans l&#039;indre %","isPartOf":{"@id":"https:\/\/ecoforma36.fr\/#website"},"primaryImageOfPage":{"@id":"https:\/\/ecoforma36.fr\/index.php\/formation-echafaudage\/#primaryimage"},"image":{"@id":"https:\/\/ecoforma36.fr\/index.php\/formation-echafaudage\/#primaryimage"},"thumbnailUrl":"http:\/\/ecoforma36.fr\/wp-content\/uploads\/2022\/07\/echafaude_web1-150x150.jpg","datePublished":"2022-08-04T06:55:16+00:00","dateModified":"2025-02-13T11:14:25+00:00","description":"formation \u00e9chafaudage permet la d\u00e9livrance de l\u2019autorisation de montage, utilisation et d\u00e9montage des \u00e9chafaudages fixes et\/ou roulant","breadcrumb":{"@id":"https:\/\/ecoforma36.fr\/index.php\/formation-echafaudage\/#breadcrumb"},"inLanguage":"fr-FR","potentialAction":[{"@type":"ReadAction","target":["https:\/\/ecoforma36.fr\/index.php\/formation-echafaudage\/"]}]},{"@type":"ImageObject","inLanguage":"fr-FR","@id":"https:\/\/ecoforma36.fr\/index.php\/formation-echafaudage\/#primaryimage","url":"https:\/\/ecoforma36.fr\/wp-content\/uploads\/2022\/07\/echafaude_web1.jpg","contentUrl":"https:\/\/ecoforma36.fr\/wp-content\/uploads\/2022\/07\/echafaude_web1.jpg","width":318,"height":201},{"@type":"BreadcrumbList","@id":"https:\/\/ecoforma36.fr\/index.php\/formation-echafaudage\/#breadcrumb","itemListElement":[{"@type":"ListItem","position":1,"name":"Accueil","item":"https:\/\/ecoforma36.fr\/"},{"@type":"ListItem","position":2,"name":"Formation Echafaudage"}]},{"@type":"WebSite","@id":"https:\/\/ecoforma36.fr\/#website","url":"https:\/\/ecoforma36.fr\/","name":"ECOFORMA36 - CACES, AIPR, Habilitations \u00e9lectriuques \u00e0 Ch\u00e2teauroux et dans l&#039;indre","description":"","potentialAction":[{"@type":"SearchAction","target":{"@type":"EntryPoint","urlTemplate":"https:\/\/ecoforma36.fr\/?s={search_term_string}"},"query-input":{"@type":"PropertyValueSpecification","valueRequired":true,"valueName":"search_term_string"}}],"inLanguage":"fr-FR"}]}},"_links":{"self":[{"href":"https:\/\/ecoforma36.fr\/index.php\/wp-json\/wp\/v2\/pages\/140","targetHints":{"allow":["GET"]}}],"collection":[{"href":"https:\/\/ecoforma36.fr\/index.php\/wp-json\/wp\/v2\/pages"}],"about":[{"href":"https:\/\/ecoforma36.fr\/index.php\/wp-json\/wp\/v2\/types\/page"}],"author":[{"embeddable":true,"href":"https:\/\/ecoforma36.fr\/index.php\/wp-json\/wp\/v2\/users\/1"}],"replies":[{"embeddable":true,"href":"https:\/\/ecoforma36.fr\/index.php\/wp-json\/wp\/v2\/comments?post=140"}],"version-history":[{"count":6,"href":"https:\/\/ecoforma36.fr\/index.php\/wp-json\/wp\/v2\/pages\/140\/revisions"}],"predecessor-version":[{"id":269,"href":"https:\/\/ecoforma36.fr\/index.php\/wp-json\/wp\/v2\/pages\/140\/revisions\/269"}],"wp:attachment":[{"href":"https:\/\/ecoforma36.fr\/index.php\/wp-json\/wp\/v2\/media?parent=140"}],"curies":[{"name":"wp","href":"https:\/\/api.w.org\/{rel}","templated":true}]}}