{"id":58,"date":"2022-07-30T06:30:17","date_gmt":"2022-07-30T04:30:17","guid":{"rendered":"http:\/\/ecoforma36.fr\/?page_id=58"},"modified":"2025-02-13T12:06:55","modified_gmt":"2025-02-13T11:06:55","slug":"aipr-chateauroux","status":"publish","type":"page","link":"https:\/\/ecoforma36.fr\/index.php\/aipr-chateauroux\/","title":{"rendered":"AIPR"},"content":{"rendered":"\r\n<p><strong>AIPR Chateauroux<\/strong><\/p>\r\n<p><a href=\"http:\/\/ecoforma36.fr\"><img loading=\"lazy\" decoding=\"async\" class=\"wp-image-137 aligncenter\" src=\"http:\/\/ecoforma36.fr\/wp-content\/uploads\/2022\/08\/aipr-150x150.gif\" alt=\"AIPR Chateauroux\" width=\"133\" height=\"133\" \/><\/a><\/p>\r\n\r\n\r\n\r\n\r\n\r\n<p><strong><em><a href=\"mailto:david@essentiels-formations.fr\">Renseignement, r\u00e9servation et devis gratuit<\/a><\/em><\/strong><\/p>\r\n\r\n\r\n\r\n<p><strong>A<\/strong>ttestation d&rsquo;Intervention \u00e0 <strong>P<\/strong>roximit\u00e9 des <strong>R<\/strong>\u00e9seaux \u00e0 Ch\u00e2teauroux et dans l\u2019Indre<\/p>\r\n\r\n\r\n\r\n<p><strong>AIPR 36<\/strong> &#8211; ECOFORMA36 vous propose \u00e0 Ch\u00e2teauroux et dans l\u2019Indre des formations et\/ou passage des QCM pour obtenir l&rsquo;<strong>A<\/strong>ttestation d&rsquo;Intervention \u00e0 <strong>P<\/strong>roximit\u00e9 des <strong>R<\/strong>\u00e9seaux<\/p>\r\n\r\n\r\n\r\n<p><em><strong>Stages Inter-entreprise Co\u00fbt unique formation+qcm Op\u00e9rateurs, Encadrants ou Concepteurs : 99.00\u20ac HT<\/strong><\/em><\/p>\r\n\r\n\r\n\r\n<p>Sur demande possibilit\u00e9 \u00e9galement de stages intra -entreprise contactez nous : 02 54 25 18 19<\/p>\r\n\r\n\r\n\r\n<p><strong><em>Les typologies de l&rsquo;AIPR<\/em><\/strong><\/p>\r\n\r\n\r\n\r\n<p>L&rsquo;<strong>A<\/strong>ttestation d&rsquo;Intervention \u00e0 <strong>P<\/strong>roximit\u00e9 des <strong>R<\/strong>\u00e9seaux par ECOFORMA36 &#8211; <strong><em>L&rsquo;AIPR s&rsquo;adresse \u00e0 3 cat\u00e9gories de personnes:<\/em><\/strong><\/p>\r\n\r\n\r\n\r\n<ul class=\"wp-block-list\">\r\n<li><strong><em>les \u00ab\u00a0Concepteurs\u00a0\u00bb<\/em><\/strong><\/li>\r\n<\/ul>\r\n\r\n\r\n\r\n<p>Personnels du responsable de projet intervenant lors de la pr\u00e9paration ou \u00e9galement lors du suivi des projets de travaux. Au moins un salari\u00e9 de l\u2019organisme intervenant lors\u00a0des travaux devra \u00eatre titulaire d\u2019une AIPR<\/p>\r\n\r\n\r\n\r\n<ul class=\"wp-block-list\">\r\n<li><strong><em>les \u00ab\u00a0Encadrants\u00a0\u00bb<\/em><\/strong><\/li>\r\n<\/ul>\r\n\r\n\r\n\r\n<p>Personnels de l\u2019ex\u00e9cutant des travaux charg\u00e9s d\u2019encadrer les chantiers de travaux lors de la pr\u00e9paration administrative et technique. Au minimum, un salari\u00e9 de l\u2019ex\u00e9cutant des travaux devra \u00eatre titulaire d\u2019une AIPR.<\/p>\r\n\r\n\r\n\r\n<ul class=\"wp-block-list\">\r\n<li><strong><em>les Op\u00e9rateurs<\/em><\/strong><\/li>\r\n<\/ul>\r\n\r\n\r\n\r\n<p>Personnels charg\u00e9s de conduire des engins de chantier ou d\u2019effectuer des travaux urgents dispens\u00e9s de DT intervenant \u00e0 proximit\u00e9 des r\u00e9seaux enterr\u00e9s ou a\u00e9riens.\u00a0Tous les op\u00e9rateurs devront \u00eatre titulaires d\u2019une AIPR.<\/p>\r\n\r\n\r\n\r\n<p><strong>Comment faire<\/strong><\/p>\r\n\r\n\r\n\r\n<p>Une<strong> A<\/strong>ttestation d&rsquo;Intervention \u00e0 <strong>P<\/strong>roximit\u00e9 des <strong>R<\/strong>\u00e9seaux &#8211; ECOFORMA36 &#8211;<\/p>\r\n\r\n\r\n\r\n<p><strong><em>M\u00eame si elle n&rsquo;est pas obligatoire la formation pr\u00e9paratoire \u00e0 l&rsquo;examen est recommand\u00e9e pour r\u00e9ussir\u00a0 le QCM<\/em><\/strong><\/p>\r\n\r\n\r\n\r\n<p><strong>AIPR 36<\/strong> &#8211; <strong>A<\/strong>ttestation d&rsquo;Intervention \u00e0 <strong>P<\/strong>roximit\u00e9 des <strong>R<\/strong>\u00e9seaux &#8211; ECOFORMA36 &#8211; <strong><em>Explicatif AIPR ci dessous :<\/em><\/strong><\/p>\r\n\r\n\r\n\r\n<ul class=\"wp-block-list\">\r\n<li><strong>Avis minist\u00e9riel du 24 f\u00e9vrier 2015<\/strong><\/li>\r\n<\/ul>\r\n\r\n\r\n\r\n<p>Dans le cadre de la r\u00e9glementation anti-endommagement (r\u00e9duction des dommages aux r\u00e9seaux lors de travaux effectu\u00e9s dans leur voisinage et r\u00e9duction des accidents de personnes, des atteintes de l\u2019environnement et des pertes de continuit\u00e9 des services publics et priv\u00e9s engendr\u00e9s), la v\u00e9rification de la comp\u00e9tence des personnes intervenantes \u00e0 proximit\u00e9 des r\u00e9seaux constitue donc un enjeu primordial.<\/p>\r\n<p>Voir le dossier complet sur : <a href=\"https:\/\/www.reseaux-et-canalisations.ineris.fr\/gu-presentation\/construire-sans-detruire\/aipr-et-examen-qcm.html\" target=\"_blank\" rel=\"noopener\">R\u00e9seaux et canalisations<\/a><\/p>\r\n\r\n\r\n\r\n<ul class=\"wp-block-list\">\r\n<li><strong>AIPR (Autorisation d\u2019Intervention \u00e0 Proximit\u00e9 des R\u00e9seaux)<\/strong><\/li>\r\n<\/ul>\r\n\r\n\r\n\r\n<p>Tous les intervenants \u00e0 proximit\u00e9 des r\u00e9seaux sont soumis, \u00e0 compter du 1er Janvier 2018, \u00e0 l\u2019obligation de disposer d\u2019une \u00ab\u00a0Autorisation d\u2019Intervention \u00e0 Proximit\u00e9 des R\u00e9seaux \u00a0\u00bb (AIPR) d\u00e9livr\u00e9e par un organisme formateur agr\u00e9\u00e9 et reconnu par le Minist\u00e8re comme centre d\u2019examen par QCM (ce qui est le cas de la SAS Essentiel&rsquo;s Formations, ECOFORMA36) apr\u00e8s v\u00e9rification par celui-ci de la bonne acquisition des comp\u00e9tences n\u00e9cessaires.<\/p>\r\n\r\n\r\n\r\n<p><strong><em>Plus de renseignement et devis gratuit : <\/em><\/strong><a href=\"mailto:contact@essentiels-formations.fr\">Renseignements<\/a><\/p>\r\n<p><em><strong>Ou par t\u00e9l\u00e9phone : 05 49 91 57 87\u00a0<\/strong><\/em><\/p>\r\n<p>&nbsp;<\/p>\r\n","protected":false},"excerpt":{"rendered":"<p>AIPR Chateauroux Renseignement, r\u00e9servation et devis gratuit Attestation d&rsquo;Intervention \u00e0 Proximit\u00e9 des R\u00e9seaux \u00e0 Ch\u00e2teauroux et dans l\u2019Indre AIPR 36 &#8211; ECOFORMA36 vous propose \u00e0 Ch\u00e2teauroux et dans l\u2019Indre des formations et\/ou passage des QCM pour obtenir l&rsquo;Attestation d&rsquo;Intervention \u00e0 Proximit\u00e9 des R\u00e9seaux Stages Inter-entreprise Co\u00fbt unique formation+qcm Op\u00e9rateurs, Encadrants&#8230;<\/p>\n<p class=\"continue-reading-button\"> <a class=\"continue-reading-link\" href=\"https:\/\/ecoforma36.fr\/index.php\/aipr-chateauroux\/\">Continue reading<i class=\"crycon-right-dir\"><\/i><\/a><\/p>\n","protected":false},"author":1,"featured_media":0,"parent":0,"menu_order":0,"comment_status":"closed","ping_status":"closed","template":"","meta":{"footnotes":""},"class_list":["post-58","page","type-page","status-publish","hentry"],"yoast_head":"<!-- This site is optimized with the Yoast SEO plugin v27.4 - https:\/\/yoast.com\/product\/yoast-seo-wordpress\/ -->\n<title>AIPR - ECOFORMA36 - CACES, AIPR, Habilitations \u00e9lectriuques \u00e0 Ch\u00e2teauroux et dans l&#039;indre<\/title>\n<meta name=\"description\" content=\"AIPR ECOFORMA36 Formations et\/ou passage des QCM Op\u00e9rateur, Encadrant, Concepteur, stages Inter prix unique 99.00\u20ac HT T\u00e9l. 02 54 25 18 19\" \/>\n<meta name=\"robots\" content=\"index, follow, max-snippet:-1, max-image-preview:large, max-video-preview:-1\" \/>\n<link rel=\"canonical\" href=\"https:\/\/ecoforma36.fr\/index.php\/aipr-chateauroux\/\" \/>\n<meta property=\"og:locale\" content=\"fr_FR\" \/>\n<meta property=\"og:type\" content=\"article\" \/>\n<meta property=\"og:title\" content=\"AIPR - ECOFORMA36 - CACES, AIPR, Habilitations \u00e9lectriuques \u00e0 Ch\u00e2teauroux et dans l&#039;indre\" \/>\n<meta property=\"og:description\" content=\"AIPR ECOFORMA36 Formations et\/ou passage des QCM Op\u00e9rateur, Encadrant, Concepteur, stages Inter prix unique 99.00\u20ac HT T\u00e9l. 02 54 25 18 19\" \/>\n<meta property=\"og:url\" content=\"https:\/\/ecoforma36.fr\/index.php\/aipr-chateauroux\/\" \/>\n<meta property=\"og:site_name\" content=\"ECOFORMA36 - CACES, AIPR, Habilitations \u00e9lectriuques \u00e0 Ch\u00e2teauroux et dans l&#039;indre\" \/>\n<meta property=\"article:modified_time\" content=\"2025-02-13T11:06:55+00:00\" \/>\n<meta property=\"og:image\" content=\"http:\/\/ecoforma36.fr\/wp-content\/uploads\/2022\/08\/aipr-150x150.gif\" \/>\n<meta name=\"twitter:card\" content=\"summary_large_image\" \/>\n<meta name=\"twitter:label1\" content=\"Dur\u00e9e de lecture estim\u00e9e\" \/>\n\t<meta name=\"twitter:data1\" content=\"3 minutes\" \/>\n<script type=\"application\/ld+json\" class=\"yoast-schema-graph\">{\"@context\":\"https:\\\/\\\/schema.org\",\"@graph\":[{\"@type\":\"WebPage\",\"@id\":\"https:\\\/\\\/ecoforma36.fr\\\/index.php\\\/aipr-chateauroux\\\/\",\"url\":\"https:\\\/\\\/ecoforma36.fr\\\/index.php\\\/aipr-chateauroux\\\/\",\"name\":\"AIPR - ECOFORMA36 - CACES, AIPR, Habilitations \u00e9lectriuques \u00e0 Ch\u00e2teauroux et dans l&#039;indre\",\"isPartOf\":{\"@id\":\"https:\\\/\\\/ecoforma36.fr\\\/#website\"},\"primaryImageOfPage\":{\"@id\":\"https:\\\/\\\/ecoforma36.fr\\\/index.php\\\/aipr-chateauroux\\\/#primaryimage\"},\"image\":{\"@id\":\"https:\\\/\\\/ecoforma36.fr\\\/index.php\\\/aipr-chateauroux\\\/#primaryimage\"},\"thumbnailUrl\":\"http:\\\/\\\/ecoforma36.fr\\\/wp-content\\\/uploads\\\/2022\\\/08\\\/aipr-150x150.gif\",\"datePublished\":\"2022-07-30T04:30:17+00:00\",\"dateModified\":\"2025-02-13T11:06:55+00:00\",\"description\":\"AIPR ECOFORMA36 Formations et\\\/ou passage des QCM Op\u00e9rateur, Encadrant, Concepteur, stages Inter prix unique 99.00\u20ac HT T\u00e9l. 02 54 25 18 19\",\"breadcrumb\":{\"@id\":\"https:\\\/\\\/ecoforma36.fr\\\/index.php\\\/aipr-chateauroux\\\/#breadcrumb\"},\"inLanguage\":\"fr-FR\",\"potentialAction\":[{\"@type\":\"ReadAction\",\"target\":[\"https:\\\/\\\/ecoforma36.fr\\\/index.php\\\/aipr-chateauroux\\\/\"]}]},{\"@type\":\"ImageObject\",\"inLanguage\":\"fr-FR\",\"@id\":\"https:\\\/\\\/ecoforma36.fr\\\/index.php\\\/aipr-chateauroux\\\/#primaryimage\",\"url\":\"https:\\\/\\\/ecoforma36.fr\\\/wp-content\\\/uploads\\\/2022\\\/08\\\/aipr.gif\",\"contentUrl\":\"https:\\\/\\\/ecoforma36.fr\\\/wp-content\\\/uploads\\\/2022\\\/08\\\/aipr.gif\",\"width\":1150,\"height\":400},{\"@type\":\"BreadcrumbList\",\"@id\":\"https:\\\/\\\/ecoforma36.fr\\\/index.php\\\/aipr-chateauroux\\\/#breadcrumb\",\"itemListElement\":[{\"@type\":\"ListItem\",\"position\":1,\"name\":\"Accueil\",\"item\":\"https:\\\/\\\/ecoforma36.fr\\\/\"},{\"@type\":\"ListItem\",\"position\":2,\"name\":\"AIPR\"}]},{\"@type\":\"WebSite\",\"@id\":\"https:\\\/\\\/ecoforma36.fr\\\/#website\",\"url\":\"https:\\\/\\\/ecoforma36.fr\\\/\",\"name\":\"ECOFORMA36 - CACES, AIPR, Habilitations \u00e9lectriuques \u00e0 Ch\u00e2teauroux et dans l&#039;indre\",\"description\":\"\",\"potentialAction\":[{\"@type\":\"SearchAction\",\"target\":{\"@type\":\"EntryPoint\",\"urlTemplate\":\"https:\\\/\\\/ecoforma36.fr\\\/?s={search_term_string}\"},\"query-input\":{\"@type\":\"PropertyValueSpecification\",\"valueRequired\":true,\"valueName\":\"search_term_string\"}}],\"inLanguage\":\"fr-FR\"}]}<\/script>\n<!-- \/ Yoast SEO plugin. -->","yoast_head_json":{"title":"AIPR - ECOFORMA36 - CACES, AIPR, Habilitations \u00e9lectriuques \u00e0 Ch\u00e2teauroux et dans l&#039;indre","description":"AIPR ECOFORMA36 Formations et\/ou passage des QCM Op\u00e9rateur, Encadrant, Concepteur, stages Inter prix unique 99.00\u20ac HT T\u00e9l. 02 54 25 18 19","robots":{"index":"index","follow":"follow","max-snippet":"max-snippet:-1","max-image-preview":"max-image-preview:large","max-video-preview":"max-video-preview:-1"},"canonical":"https:\/\/ecoforma36.fr\/index.php\/aipr-chateauroux\/","og_locale":"fr_FR","og_type":"article","og_title":"AIPR - ECOFORMA36 - CACES, AIPR, Habilitations \u00e9lectriuques \u00e0 Ch\u00e2teauroux et dans l&#039;indre","og_description":"AIPR ECOFORMA36 Formations et\/ou passage des QCM Op\u00e9rateur, Encadrant, Concepteur, stages Inter prix unique 99.00\u20ac HT T\u00e9l. 02 54 25 18 19","og_url":"https:\/\/ecoforma36.fr\/index.php\/aipr-chateauroux\/","og_site_name":"ECOFORMA36 - CACES, AIPR, Habilitations \u00e9lectriuques \u00e0 Ch\u00e2teauroux et dans l&#039;indre","article_modified_time":"2025-02-13T11:06:55+00:00","og_image":[{"url":"http:\/\/ecoforma36.fr\/wp-content\/uploads\/2022\/08\/aipr-150x150.gif","type":"","width":"","height":""}],"twitter_card":"summary_large_image","twitter_misc":{"Dur\u00e9e de lecture estim\u00e9e":"3 minutes"},"schema":{"@context":"https:\/\/schema.org","@graph":[{"@type":"WebPage","@id":"https:\/\/ecoforma36.fr\/index.php\/aipr-chateauroux\/","url":"https:\/\/ecoforma36.fr\/index.php\/aipr-chateauroux\/","name":"AIPR - ECOFORMA36 - CACES, AIPR, Habilitations \u00e9lectriuques \u00e0 Ch\u00e2teauroux et dans l&#039;indre","isPartOf":{"@id":"https:\/\/ecoforma36.fr\/#website"},"primaryImageOfPage":{"@id":"https:\/\/ecoforma36.fr\/index.php\/aipr-chateauroux\/#primaryimage"},"image":{"@id":"https:\/\/ecoforma36.fr\/index.php\/aipr-chateauroux\/#primaryimage"},"thumbnailUrl":"http:\/\/ecoforma36.fr\/wp-content\/uploads\/2022\/08\/aipr-150x150.gif","datePublished":"2022-07-30T04:30:17+00:00","dateModified":"2025-02-13T11:06:55+00:00","description":"AIPR ECOFORMA36 Formations et\/ou passage des QCM Op\u00e9rateur, Encadrant, Concepteur, stages Inter prix unique 99.00\u20ac HT T\u00e9l. 02 54 25 18 19","breadcrumb":{"@id":"https:\/\/ecoforma36.fr\/index.php\/aipr-chateauroux\/#breadcrumb"},"inLanguage":"fr-FR","potentialAction":[{"@type":"ReadAction","target":["https:\/\/ecoforma36.fr\/index.php\/aipr-chateauroux\/"]}]},{"@type":"ImageObject","inLanguage":"fr-FR","@id":"https:\/\/ecoforma36.fr\/index.php\/aipr-chateauroux\/#primaryimage","url":"https:\/\/ecoforma36.fr\/wp-content\/uploads\/2022\/08\/aipr.gif","contentUrl":"https:\/\/ecoforma36.fr\/wp-content\/uploads\/2022\/08\/aipr.gif","width":1150,"height":400},{"@type":"BreadcrumbList","@id":"https:\/\/ecoforma36.fr\/index.php\/aipr-chateauroux\/#breadcrumb","itemListElement":[{"@type":"ListItem","position":1,"name":"Accueil","item":"https:\/\/ecoforma36.fr\/"},{"@type":"ListItem","position":2,"name":"AIPR"}]},{"@type":"WebSite","@id":"https:\/\/ecoforma36.fr\/#website","url":"https:\/\/ecoforma36.fr\/","name":"ECOFORMA36 - CACES, AIPR, Habilitations \u00e9lectriuques \u00e0 Ch\u00e2teauroux et dans l&#039;indre","description":"","potentialAction":[{"@type":"SearchAction","target":{"@type":"EntryPoint","urlTemplate":"https:\/\/ecoforma36.fr\/?s={search_term_string}"},"query-input":{"@type":"PropertyValueSpecification","valueRequired":true,"valueName":"search_term_string"}}],"inLanguage":"fr-FR"}]}},"_links":{"self":[{"href":"https:\/\/ecoforma36.fr\/index.php\/wp-json\/wp\/v2\/pages\/58","targetHints":{"allow":["GET"]}}],"collection":[{"href":"https:\/\/ecoforma36.fr\/index.php\/wp-json\/wp\/v2\/pages"}],"about":[{"href":"https:\/\/ecoforma36.fr\/index.php\/wp-json\/wp\/v2\/types\/page"}],"author":[{"embeddable":true,"href":"https:\/\/ecoforma36.fr\/index.php\/wp-json\/wp\/v2\/users\/1"}],"replies":[{"embeddable":true,"href":"https:\/\/ecoforma36.fr\/index.php\/wp-json\/wp\/v2\/comments?post=58"}],"version-history":[{"count":10,"href":"https:\/\/ecoforma36.fr\/index.php\/wp-json\/wp\/v2\/pages\/58\/revisions"}],"predecessor-version":[{"id":262,"href":"https:\/\/ecoforma36.fr\/index.php\/wp-json\/wp\/v2\/pages\/58\/revisions\/262"}],"wp:attachment":[{"href":"https:\/\/ecoforma36.fr\/index.php\/wp-json\/wp\/v2\/media?parent=58"}],"curies":[{"name":"wp","href":"https:\/\/api.w.org\/{rel}","templated":true}]}}