{"id":90,"date":"2022-08-02T17:18:44","date_gmt":"2022-08-02T15:18:44","guid":{"rendered":"https:\/\/ecoforma36.fr\/?page_id=90"},"modified":"2025-02-13T12:09:10","modified_gmt":"2025-02-13T11:09:10","slug":"caces-nacelles-chateauroux","status":"publish","type":"page","link":"https:\/\/ecoforma36.fr\/index.php\/caces-nacelles-chateauroux\/","title":{"rendered":"CACES Nacelles Ch\u00e2teauroux"},"content":{"rendered":"<p><strong><i><span style=\"font-size: 10.0pt; font-family: 'Arial','sans-serif';\">CACES R486 Nacelles \u00e9l\u00e9vatrices Conduite en s\u00e9curit\u00e9 des nacelles \u00e9l\u00e9vatrices\u00a0 \u00e0 Ch\u00e2teauroux et dans l\u2019Indre<\/span><\/i><\/strong><\/p>\n<p><img loading=\"lazy\" decoding=\"async\" class=\"aligncenter size-medium wp-image-39\" src=\"http:\/\/ecoforma36.fr\/wp-content\/uploads\/2022\/07\/Slider-Nacelle-R386-300x104.jpg\" alt=\"caces nacelles ch\u00e2teauroux\" width=\"300\" height=\"104\" srcset=\"https:\/\/ecoforma36.fr\/wp-content\/uploads\/2022\/07\/Slider-Nacelle-R386-300x104.jpg 300w, https:\/\/ecoforma36.fr\/wp-content\/uploads\/2022\/07\/Slider-Nacelle-R386-1024x356.jpg 1024w, https:\/\/ecoforma36.fr\/wp-content\/uploads\/2022\/07\/Slider-Nacelle-R386-768x267.jpg 768w, https:\/\/ecoforma36.fr\/wp-content\/uploads\/2022\/07\/Slider-Nacelle-R386-150x52.jpg 150w, https:\/\/ecoforma36.fr\/wp-content\/uploads\/2022\/07\/Slider-Nacelle-R386.jpg 1150w\" sizes=\"auto, (max-width: 300px) 100vw, 300px\" \/><\/p>\n<p><strong><i><span style=\"font-size: 10.0pt; font-family: 'Arial','sans-serif';\">CACES Nacelles \u00e9l\u00e9vatrices \u00e0 Ch\u00e2teauroux \u2013 ECOFORMA36<\/span><\/i><\/strong><span style=\"font-size: 10.0pt; font-family: 'Arial','sans-serif';\"> vous propose \u00e0 <strong><i><span style=\"font-family: 'Arial','sans-serif';\">Ch\u00e2teauroux et dans l\u2019Indre<\/span><\/i><\/strong>, des formations et tests pour obtenir le certificat d\u2019aptitude \u00e0 la conduite en s\u00e9curit\u00e9 des Nacelles \u00e9l\u00e9vatrices de personnes valable 5 ans suivant la recommandation CNAM R486<\/span><\/p>\n<p><em><b><span style=\"font-size: 10.0pt; font-family: 'Arial','sans-serif';\">CACES Nacelles \u00e9l\u00e9vatrices <\/span><\/b><\/em><strong><i><span style=\"font-size: 10.0pt; font-family: 'Arial','sans-serif';\">\u00e0 Ch\u00e2teauroux <\/span><\/i><\/strong><strong><span style=\"font-size: 10.0pt; font-family: 'Arial','sans-serif';\">&#8211;<\/span><\/strong><span style=\"font-size: 10.0pt; font-family: 'Arial','sans-serif';\"> Le CACES\u00ae \u00e9tant un bon moyen pour l\u2019employeur de respecter ses obligations r\u00e9glementaires concernant la d\u00e9livrance de l\u2019autorisation de conduite pour les pemp ou nacelles \u00e9l\u00e9vatrices de personnes.<\/span><\/p>\n<p><em><b><span style=\"font-size: 10.0pt; font-family: 'Arial','sans-serif';\">CACES Nacelles \u00e9l\u00e9vatrices <\/span><\/b><\/em><strong><i><span style=\"font-size: 10.0pt; font-family: 'Arial','sans-serif';\">\u00e0 Ch\u00e2teauroux <\/span><\/i><\/strong><span style=\"font-size: 10.0pt; font-family: 'Arial','sans-serif';\">Les tests valident, de mani\u00e8res th\u00e9orique et pratique, l\u2019ensemble des points abord\u00e9s pendant la formation et permettent l\u2019attribution, en fonction des r\u00e9sultats obtenus, du titre CACES\u00ae Nacelle pour la cat\u00e9gorie test\u00e9e et ce pour une p\u00e9riode de 5 ans en ce qui concerne la R486<\/span><\/p>\n<p><em><b><span style=\"font-size: 10.0pt; font-family: 'Arial','sans-serif';\">CACES Nacelles \u00e9l\u00e9vatrices Ch\u00e2teauroux <\/span><\/b><\/em><span style=\"font-size: 10.0pt; font-family: 'Arial','sans-serif';\">&#8211; La R486 compte 3 cat\u00e9gories (A,B,C) les cat\u00e9gories 1B et 3B qui repr\u00e9sente \u00e0 elle seule <strong><span style=\"font-family: 'Arial','sans-serif';\">70% des besoins<\/span><\/strong>, \u00e0 souligner que le fait de d\u00e9tenir le CACES\u00ae R486 de type B (1B et 3B) ne permet plus \u00e0 l\u2019employeur de d\u00e9livrer une autorisation de conduite des nacelles \u00e9quivalente de type A \u00a0(1A et\/ou 3A), d&rsquo;autre part il est n\u00e9cessaire de passer les \u00e9preuves pratiques sur 2 machine 1B+3B pour la cat\u00e9gorie B et 1A+3A sur la cat\u00e9gorie A, quand \u00e0 la cat\u00e9gorie C elle concerne essentiellement les entreprises qui assurent le d\u00e9placement de nacelles de type A ( (1A) ou B (3B)<\/span><\/p>\n<p><a href=\"https:\/\/ecoforma36.fr\/?page_id=90&amp;preview=true\"><img loading=\"lazy\" decoding=\"async\" class=\"aligncenter wp-image-41\" src=\"http:\/\/ecoforma36.fr\/wp-content\/uploads\/2022\/07\/nacelle-1-300x190.jpg\" alt=\"caces nacelle Ch\u00e2teauroux\" width=\"201\" height=\"127\" srcset=\"https:\/\/ecoforma36.fr\/wp-content\/uploads\/2022\/07\/nacelle-1-300x190.jpg 300w, https:\/\/ecoforma36.fr\/wp-content\/uploads\/2022\/07\/nacelle-1-150x95.jpg 150w, https:\/\/ecoforma36.fr\/wp-content\/uploads\/2022\/07\/nacelle-1.jpg 318w\" sizes=\"auto, (max-width: 201px) 100vw, 201px\" \/><\/a><\/p>\n<h5>Nous savons \u00e9galement intervenir en Intra entreprise, soit pour des CACES, si vos infrastructures et mat\u00e9riels r\u00e9pondent au cahier des charges de la certification CACES, soit en formation et \u00e9valuation de comp\u00e9tences pour la d\u00e9livrance de l&rsquo;AVI (autorisation de conduite \u00e0 valeur interne) qui est obligatoire (arr\u00eat\u00e9 du 02\/12\/1998)<\/h5>\n<h5>Pour plus de renseignements n&rsquo;h\u00e9sitez pas \u00e0 nous contacter au 05 49 91 57 87 ou par mail : <a href=\"mailto:david@essentiels-formations.fr\">david@essentiels-formations.fr<\/a><\/h5>\n<p>&nbsp;<\/p>\n<p>Pour m\u00e9moire la RECOMMANDATION R486 cliquez<a href=\"https:\/\/www.google.fr\/url?sa=t&amp;rct=j&amp;q=&amp;esrc=s&amp;source=web&amp;cd=&amp;ved=2ahUKEwj1x6vruaj5AhVSExoKHUuXAegQFnoECBgQAQ&amp;url=https%3A%2F%2Fwww.ameli.fr%2Fsites%2Fdefault%2Ffiles%2FDocuments%2F633940%2Fdocument%2Fr486a.pdf&amp;usg=AOvVaw2ir6LTVQCkoJUYEtvSVjS2\"> ICI<\/a><\/p>\n<p>&nbsp;<\/p>\n","protected":false},"excerpt":{"rendered":"<p>CACES R486 Nacelles \u00e9l\u00e9vatrices Conduite en s\u00e9curit\u00e9 des nacelles \u00e9l\u00e9vatrices\u00a0 \u00e0 Ch\u00e2teauroux et dans l\u2019Indre CACES Nacelles \u00e9l\u00e9vatrices \u00e0 Ch\u00e2teauroux \u2013 ECOFORMA36 vous propose \u00e0 Ch\u00e2teauroux et dans l\u2019Indre, des formations et tests pour obtenir le certificat d\u2019aptitude \u00e0 la conduite en s\u00e9curit\u00e9 des Nacelles \u00e9l\u00e9vatrices de personnes valable 5&#8230;<\/p>\n<p class=\"continue-reading-button\"> <a class=\"continue-reading-link\" href=\"https:\/\/ecoforma36.fr\/index.php\/caces-nacelles-chateauroux\/\">Continue reading<i class=\"crycon-right-dir\"><\/i><\/a><\/p>\n","protected":false},"author":1,"featured_media":0,"parent":0,"menu_order":0,"comment_status":"closed","ping_status":"closed","template":"","meta":{"footnotes":""},"class_list":["post-90","page","type-page","status-publish","hentry"],"yoast_head":"<!-- This site is optimized with the Yoast SEO plugin v27.4 - https:\/\/yoast.com\/product\/yoast-seo-wordpress\/ -->\n<title>CACES Nacelles Ch\u00e2teauroux - ECOFORMA36 - CACES, AIPR, Habilitations \u00e9lectriuques \u00e0 Ch\u00e2teauroux et dans l&#039;indre<\/title>\n<meta name=\"description\" content=\"CACES Nacelles \u00e9l\u00e9vatrices \u00e0 Ch\u00e2teauroux \u2013 ECOFORMA36 formations et tests CACES R486 pour la conduite en s\u00e9curit\u00e9 des Nacelles \u00e9l\u00e9vatrices\" \/>\n<meta name=\"robots\" content=\"index, follow, max-snippet:-1, max-image-preview:large, max-video-preview:-1\" \/>\n<link rel=\"canonical\" href=\"https:\/\/ecoforma36.fr\/index.php\/caces-nacelles-chateauroux\/\" \/>\n<meta property=\"og:locale\" content=\"fr_FR\" \/>\n<meta property=\"og:type\" content=\"article\" \/>\n<meta property=\"og:title\" content=\"CACES Nacelles Ch\u00e2teauroux - ECOFORMA36 - CACES, AIPR, Habilitations \u00e9lectriuques \u00e0 Ch\u00e2teauroux et dans l&#039;indre\" \/>\n<meta property=\"og:description\" content=\"CACES Nacelles \u00e9l\u00e9vatrices \u00e0 Ch\u00e2teauroux \u2013 ECOFORMA36 formations et tests CACES R486 pour la conduite en s\u00e9curit\u00e9 des Nacelles \u00e9l\u00e9vatrices\" \/>\n<meta property=\"og:url\" content=\"https:\/\/ecoforma36.fr\/index.php\/caces-nacelles-chateauroux\/\" \/>\n<meta property=\"og:site_name\" content=\"ECOFORMA36 - CACES, AIPR, Habilitations \u00e9lectriuques \u00e0 Ch\u00e2teauroux et dans l&#039;indre\" \/>\n<meta property=\"article:modified_time\" content=\"2025-02-13T11:09:10+00:00\" \/>\n<meta property=\"og:image\" content=\"http:\/\/ecoforma36.fr\/wp-content\/uploads\/2022\/07\/Slider-Nacelle-R386-300x104.jpg\" \/>\n<meta name=\"twitter:card\" content=\"summary_large_image\" \/>\n<meta name=\"twitter:label1\" content=\"Dur\u00e9e de lecture estim\u00e9e\" \/>\n\t<meta name=\"twitter:data1\" content=\"3 minutes\" \/>\n<script type=\"application\/ld+json\" class=\"yoast-schema-graph\">{\"@context\":\"https:\\\/\\\/schema.org\",\"@graph\":[{\"@type\":\"WebPage\",\"@id\":\"https:\\\/\\\/ecoforma36.fr\\\/index.php\\\/caces-nacelles-chateauroux\\\/\",\"url\":\"https:\\\/\\\/ecoforma36.fr\\\/index.php\\\/caces-nacelles-chateauroux\\\/\",\"name\":\"CACES Nacelles Ch\u00e2teauroux - ECOFORMA36 - CACES, AIPR, Habilitations \u00e9lectriuques \u00e0 Ch\u00e2teauroux et dans l&#039;indre\",\"isPartOf\":{\"@id\":\"https:\\\/\\\/ecoforma36.fr\\\/#website\"},\"primaryImageOfPage\":{\"@id\":\"https:\\\/\\\/ecoforma36.fr\\\/index.php\\\/caces-nacelles-chateauroux\\\/#primaryimage\"},\"image\":{\"@id\":\"https:\\\/\\\/ecoforma36.fr\\\/index.php\\\/caces-nacelles-chateauroux\\\/#primaryimage\"},\"thumbnailUrl\":\"http:\\\/\\\/ecoforma36.fr\\\/wp-content\\\/uploads\\\/2022\\\/07\\\/Slider-Nacelle-R386-300x104.jpg\",\"datePublished\":\"2022-08-02T15:18:44+00:00\",\"dateModified\":\"2025-02-13T11:09:10+00:00\",\"description\":\"CACES Nacelles \u00e9l\u00e9vatrices \u00e0 Ch\u00e2teauroux \u2013 ECOFORMA36 formations et tests CACES R486 pour la conduite en s\u00e9curit\u00e9 des Nacelles \u00e9l\u00e9vatrices\",\"breadcrumb\":{\"@id\":\"https:\\\/\\\/ecoforma36.fr\\\/index.php\\\/caces-nacelles-chateauroux\\\/#breadcrumb\"},\"inLanguage\":\"fr-FR\",\"potentialAction\":[{\"@type\":\"ReadAction\",\"target\":[\"https:\\\/\\\/ecoforma36.fr\\\/index.php\\\/caces-nacelles-chateauroux\\\/\"]}]},{\"@type\":\"ImageObject\",\"inLanguage\":\"fr-FR\",\"@id\":\"https:\\\/\\\/ecoforma36.fr\\\/index.php\\\/caces-nacelles-chateauroux\\\/#primaryimage\",\"url\":\"http:\\\/\\\/ecoforma36.fr\\\/wp-content\\\/uploads\\\/2022\\\/07\\\/Slider-Nacelle-R386-300x104.jpg\",\"contentUrl\":\"http:\\\/\\\/ecoforma36.fr\\\/wp-content\\\/uploads\\\/2022\\\/07\\\/Slider-Nacelle-R386-300x104.jpg\"},{\"@type\":\"BreadcrumbList\",\"@id\":\"https:\\\/\\\/ecoforma36.fr\\\/index.php\\\/caces-nacelles-chateauroux\\\/#breadcrumb\",\"itemListElement\":[{\"@type\":\"ListItem\",\"position\":1,\"name\":\"Accueil\",\"item\":\"https:\\\/\\\/ecoforma36.fr\\\/\"},{\"@type\":\"ListItem\",\"position\":2,\"name\":\"CACES Nacelles Ch\u00e2teauroux\"}]},{\"@type\":\"WebSite\",\"@id\":\"https:\\\/\\\/ecoforma36.fr\\\/#website\",\"url\":\"https:\\\/\\\/ecoforma36.fr\\\/\",\"name\":\"ECOFORMA36 - CACES, AIPR, Habilitations \u00e9lectriuques \u00e0 Ch\u00e2teauroux et dans l&#039;indre\",\"description\":\"\",\"potentialAction\":[{\"@type\":\"SearchAction\",\"target\":{\"@type\":\"EntryPoint\",\"urlTemplate\":\"https:\\\/\\\/ecoforma36.fr\\\/?s={search_term_string}\"},\"query-input\":{\"@type\":\"PropertyValueSpecification\",\"valueRequired\":true,\"valueName\":\"search_term_string\"}}],\"inLanguage\":\"fr-FR\"}]}<\/script>\n<!-- \/ Yoast SEO plugin. -->","yoast_head_json":{"title":"CACES Nacelles Ch\u00e2teauroux - ECOFORMA36 - CACES, AIPR, Habilitations \u00e9lectriuques \u00e0 Ch\u00e2teauroux et dans l&#039;indre","description":"CACES Nacelles \u00e9l\u00e9vatrices \u00e0 Ch\u00e2teauroux \u2013 ECOFORMA36 formations et tests CACES R486 pour la conduite en s\u00e9curit\u00e9 des Nacelles \u00e9l\u00e9vatrices","robots":{"index":"index","follow":"follow","max-snippet":"max-snippet:-1","max-image-preview":"max-image-preview:large","max-video-preview":"max-video-preview:-1"},"canonical":"https:\/\/ecoforma36.fr\/index.php\/caces-nacelles-chateauroux\/","og_locale":"fr_FR","og_type":"article","og_title":"CACES Nacelles Ch\u00e2teauroux - ECOFORMA36 - CACES, AIPR, Habilitations \u00e9lectriuques \u00e0 Ch\u00e2teauroux et dans l&#039;indre","og_description":"CACES Nacelles \u00e9l\u00e9vatrices \u00e0 Ch\u00e2teauroux \u2013 ECOFORMA36 formations et tests CACES R486 pour la conduite en s\u00e9curit\u00e9 des Nacelles \u00e9l\u00e9vatrices","og_url":"https:\/\/ecoforma36.fr\/index.php\/caces-nacelles-chateauroux\/","og_site_name":"ECOFORMA36 - CACES, AIPR, Habilitations \u00e9lectriuques \u00e0 Ch\u00e2teauroux et dans l&#039;indre","article_modified_time":"2025-02-13T11:09:10+00:00","og_image":[{"url":"http:\/\/ecoforma36.fr\/wp-content\/uploads\/2022\/07\/Slider-Nacelle-R386-300x104.jpg","type":"","width":"","height":""}],"twitter_card":"summary_large_image","twitter_misc":{"Dur\u00e9e de lecture estim\u00e9e":"3 minutes"},"schema":{"@context":"https:\/\/schema.org","@graph":[{"@type":"WebPage","@id":"https:\/\/ecoforma36.fr\/index.php\/caces-nacelles-chateauroux\/","url":"https:\/\/ecoforma36.fr\/index.php\/caces-nacelles-chateauroux\/","name":"CACES Nacelles Ch\u00e2teauroux - ECOFORMA36 - CACES, AIPR, Habilitations \u00e9lectriuques \u00e0 Ch\u00e2teauroux et dans l&#039;indre","isPartOf":{"@id":"https:\/\/ecoforma36.fr\/#website"},"primaryImageOfPage":{"@id":"https:\/\/ecoforma36.fr\/index.php\/caces-nacelles-chateauroux\/#primaryimage"},"image":{"@id":"https:\/\/ecoforma36.fr\/index.php\/caces-nacelles-chateauroux\/#primaryimage"},"thumbnailUrl":"http:\/\/ecoforma36.fr\/wp-content\/uploads\/2022\/07\/Slider-Nacelle-R386-300x104.jpg","datePublished":"2022-08-02T15:18:44+00:00","dateModified":"2025-02-13T11:09:10+00:00","description":"CACES Nacelles \u00e9l\u00e9vatrices \u00e0 Ch\u00e2teauroux \u2013 ECOFORMA36 formations et tests CACES R486 pour la conduite en s\u00e9curit\u00e9 des Nacelles \u00e9l\u00e9vatrices","breadcrumb":{"@id":"https:\/\/ecoforma36.fr\/index.php\/caces-nacelles-chateauroux\/#breadcrumb"},"inLanguage":"fr-FR","potentialAction":[{"@type":"ReadAction","target":["https:\/\/ecoforma36.fr\/index.php\/caces-nacelles-chateauroux\/"]}]},{"@type":"ImageObject","inLanguage":"fr-FR","@id":"https:\/\/ecoforma36.fr\/index.php\/caces-nacelles-chateauroux\/#primaryimage","url":"http:\/\/ecoforma36.fr\/wp-content\/uploads\/2022\/07\/Slider-Nacelle-R386-300x104.jpg","contentUrl":"http:\/\/ecoforma36.fr\/wp-content\/uploads\/2022\/07\/Slider-Nacelle-R386-300x104.jpg"},{"@type":"BreadcrumbList","@id":"https:\/\/ecoforma36.fr\/index.php\/caces-nacelles-chateauroux\/#breadcrumb","itemListElement":[{"@type":"ListItem","position":1,"name":"Accueil","item":"https:\/\/ecoforma36.fr\/"},{"@type":"ListItem","position":2,"name":"CACES Nacelles Ch\u00e2teauroux"}]},{"@type":"WebSite","@id":"https:\/\/ecoforma36.fr\/#website","url":"https:\/\/ecoforma36.fr\/","name":"ECOFORMA36 - CACES, AIPR, Habilitations \u00e9lectriuques \u00e0 Ch\u00e2teauroux et dans l&#039;indre","description":"","potentialAction":[{"@type":"SearchAction","target":{"@type":"EntryPoint","urlTemplate":"https:\/\/ecoforma36.fr\/?s={search_term_string}"},"query-input":{"@type":"PropertyValueSpecification","valueRequired":true,"valueName":"search_term_string"}}],"inLanguage":"fr-FR"}]}},"_links":{"self":[{"href":"https:\/\/ecoforma36.fr\/index.php\/wp-json\/wp\/v2\/pages\/90","targetHints":{"allow":["GET"]}}],"collection":[{"href":"https:\/\/ecoforma36.fr\/index.php\/wp-json\/wp\/v2\/pages"}],"about":[{"href":"https:\/\/ecoforma36.fr\/index.php\/wp-json\/wp\/v2\/types\/page"}],"author":[{"embeddable":true,"href":"https:\/\/ecoforma36.fr\/index.php\/wp-json\/wp\/v2\/users\/1"}],"replies":[{"embeddable":true,"href":"https:\/\/ecoforma36.fr\/index.php\/wp-json\/wp\/v2\/comments?post=90"}],"version-history":[{"count":3,"href":"https:\/\/ecoforma36.fr\/index.php\/wp-json\/wp\/v2\/pages\/90\/revisions"}],"predecessor-version":[{"id":264,"href":"https:\/\/ecoforma36.fr\/index.php\/wp-json\/wp\/v2\/pages\/90\/revisions\/264"}],"wp:attachment":[{"href":"https:\/\/ecoforma36.fr\/index.php\/wp-json\/wp\/v2\/media?parent=90"}],"curies":[{"name":"wp","href":"https:\/\/api.w.org\/{rel}","templated":true}]}}