{"id":94,"date":"2022-08-02T17:31:20","date_gmt":"2022-08-02T15:31:20","guid":{"rendered":"https:\/\/ecoforma36.fr\/?page_id=94"},"modified":"2025-02-13T12:10:07","modified_gmt":"2025-02-13T11:10:07","slug":"caces_r482-engins-de-chantier-chateauroux","status":"publish","type":"page","link":"https:\/\/ecoforma36.fr\/index.php\/caces_r482-engins-de-chantier-chateauroux\/","title":{"rendered":"CACES R482 engins de chantier Ch\u00e2teauroux"},"content":{"rendered":"<p><strong><em>CACES R482 engins de chantier <\/em><\/strong>Conduite en s\u00e9curit\u00e9 des engins de chantier \u00e0 Ch\u00e2teauroux et dans l&rsquo;Indre, (les Caces de ces nouvelles recommandations en vigueur depuis le 01\/ janvier 2020) sont valid\u00e9s par notre groupe ou nos partenaires certifi\u00e9s testeur CACES<\/p>\n<p><a href=\"https:\/\/ecoforma36.fr\/?page_id=94&amp;preview=true\"><img loading=\"lazy\" decoding=\"async\" class=\"aligncenter size-medium wp-image-28\" src=\"http:\/\/ecoforma36.fr\/wp-content\/uploads\/2022\/07\/engins-de-chantier-300x190.jpg\" alt=\"caces engoins de chantier Ch\u00e2teauroux\" width=\"300\" height=\"190\" srcset=\"https:\/\/ecoforma36.fr\/wp-content\/uploads\/2022\/07\/engins-de-chantier-300x190.jpg 300w, https:\/\/ecoforma36.fr\/wp-content\/uploads\/2022\/07\/engins-de-chantier-150x95.jpg 150w, https:\/\/ecoforma36.fr\/wp-content\/uploads\/2022\/07\/engins-de-chantier.jpg 318w\" sizes=\"auto, (max-width: 300px) 100vw, 300px\" \/><\/a><\/p>\n<p><strong><em>CACES R482 engins de chantier Ch\u00e2teauroux<\/em> &#8211; ECOFORMA36<\/strong> vous propose des formations et tests pour obtenir le certificat d\u2019aptitude \u00e0 la conduite en s\u00e9curit\u00e9 des engins de chantier valable 10 ans suivant la recommandation CNAM R482.<strong><br \/>\n<\/strong><\/p>\n<p><strong><em>Engins de chantier Ch\u00e2teauroux <\/em> &#8211; <\/strong>Le CACES \u00e9tant un bon moyen pour l\u2019employeur de respecter ses obligations r\u00e9glementaires concernant la d\u00e9livrance de l\u2019autorisation de conduite pour les engins de chantier.<\/p>\n<p><strong><em>CACES Engins de chantier <\/em><em>Ch\u00e2teauroux<\/em> &#8211;<\/strong> Les tests valident, de mani\u00e8res th\u00e9orique et pratique, l\u2019ensemble des points abord\u00e9s pendant la formation et permettent l\u2019attribution, en fonction des r\u00e9sultats obtenus, du titre CACES engins de chantier pour la cat\u00e9gorie test\u00e9e et ce pour une p\u00e9riode de 10 ans (recommandation CNAM R482)<\/p>\n<p><strong><em>CACES\u00a0 chariot de chantier Ch\u00e2teauroux <\/em>&#8211;<\/strong> La R482 compte 10 cat\u00e9gories dont les cat\u00e9gories A.C1.F repr\u00e9sentes \u00e0 elles seules 60% des besoins, d\u2019autre part le fait de d\u00e9tenir les CACES\u00ae R482 des cat\u00e9gories B1.C1.D.E permet \u00e0 l\u2019employeur de d\u00e9livrer une autorisation de conduite pour les mini-engins de la m\u00eame famille de cat\u00e9gorie A m\u00eame si le salari\u00e9 concern\u00e9 ne d\u00e9tiens pas le CACES\u00ae dans cette cat\u00e9gorie \u00e0 la condition toutefois que le salari\u00e9 ai re\u00e7u une formation compl\u00e9mentaire, que la conduite de ce type de mat\u00e9riel soit occasionnel et que le salari\u00e9 soit apte m\u00e9dicalement<\/p>\n<p><a href=\"https:\/\/ecoforma36.fr\/?page_id=94&amp;preview=true\"><img loading=\"lazy\" decoding=\"async\" class=\"aligncenter size-full wp-image-96\" src=\"http:\/\/ecoforma36.fr\/wp-content\/uploads\/2022\/08\/372c4.jpg\" alt=\"caces engins de chantier CHATEAUROUX\" width=\"150\" height=\"150\" \/><\/a><\/p>\n<p>Pour plus d\u2019informations ou demande particuli\u00e8re, contactez votre conseiller qui vous guidera dans les d\u00e9marches en lui laissant un mail sur <a href=\"mailto:david@essentiels-formations.fr\">david@essentiels-formations.fr\u00a0<\/a> ou le contacter par t\u00e9l\u00e9phone au 05 49 91 57 87 de 10h00 \u00e0 12h00 et de 14h00 \u00e0 17h00 du lundi au vendredi<\/p>\n<p>Pour m\u00e9moire la recommandation suivez le lien\u00a0 <a href=\"https:\/\/www.google.com\/url?sa=t&amp;rct=j&amp;q=&amp;esrc=s&amp;source=web&amp;cd=&amp;cad=rja&amp;uact=8&amp;ved=2ahUKEwivtLL5vaj5AhUx5IUKHQ-8A6YQFnoECAkQAQ&amp;url=https%3A%2F%2Fwww.ameli.fr%2Findex.php%2Fcontent%2Fr482-caces-engins-de-chantier&amp;usg=AOvVaw0n9NmbjzjjRtxDRieDXsxx\"><strong>ICI<\/strong><\/a><\/p>\n","protected":false},"excerpt":{"rendered":"<p>CACES R482 engins de chantier Conduite en s\u00e9curit\u00e9 des engins de chantier \u00e0 Ch\u00e2teauroux et dans l&rsquo;Indre, (les Caces de ces nouvelles recommandations en vigueur depuis le 01\/ janvier 2020) sont valid\u00e9s par notre groupe ou nos partenaires certifi\u00e9s testeur CACES CACES R482 engins de chantier Ch\u00e2teauroux &#8211; ECOFORMA36 vous&#8230;<\/p>\n<p class=\"continue-reading-button\"> <a class=\"continue-reading-link\" href=\"https:\/\/ecoforma36.fr\/index.php\/caces_r482-engins-de-chantier-chateauroux\/\">Continue reading<i class=\"crycon-right-dir\"><\/i><\/a><\/p>\n","protected":false},"author":1,"featured_media":0,"parent":0,"menu_order":0,"comment_status":"closed","ping_status":"closed","template":"","meta":{"footnotes":""},"class_list":["post-94","page","type-page","status-publish","hentry"],"yoast_head":"<!-- This site is optimized with the Yoast SEO plugin v27.4 - https:\/\/yoast.com\/product\/yoast-seo-wordpress\/ -->\n<title>CACES R482 engins de chantier Ch\u00e2teauroux - ECOFORMA36 - CACES, AIPR, Habilitations \u00e9lectriuques \u00e0 Ch\u00e2teauroux et dans l&#039;indre<\/title>\n<meta name=\"description\" content=\"CACES engins de chantier Ch\u00e2teauroux - ECOFORMA36 vous formations et tests CACES R482 valable 10 ans \u00e0 Ch\u00e2teauroux et dans l&#039;Indre .\" \/>\n<meta name=\"robots\" content=\"index, follow, max-snippet:-1, max-image-preview:large, max-video-preview:-1\" \/>\n<link rel=\"canonical\" href=\"https:\/\/ecoforma36.fr\/index.php\/caces_r482-engins-de-chantier-chateauroux\/\" \/>\n<meta property=\"og:locale\" content=\"fr_FR\" \/>\n<meta property=\"og:type\" content=\"article\" \/>\n<meta property=\"og:title\" content=\"CACES R482 engins de chantier Ch\u00e2teauroux - ECOFORMA36 - CACES, AIPR, Habilitations \u00e9lectriuques \u00e0 Ch\u00e2teauroux et dans l&#039;indre\" \/>\n<meta property=\"og:description\" content=\"CACES engins de chantier Ch\u00e2teauroux - ECOFORMA36 vous formations et tests CACES R482 valable 10 ans \u00e0 Ch\u00e2teauroux et dans l&#039;Indre .\" \/>\n<meta property=\"og:url\" content=\"https:\/\/ecoforma36.fr\/index.php\/caces_r482-engins-de-chantier-chateauroux\/\" \/>\n<meta property=\"og:site_name\" content=\"ECOFORMA36 - CACES, AIPR, Habilitations \u00e9lectriuques \u00e0 Ch\u00e2teauroux et dans l&#039;indre\" \/>\n<meta property=\"article:modified_time\" content=\"2025-02-13T11:10:07+00:00\" \/>\n<meta property=\"og:image\" content=\"http:\/\/ecoforma36.fr\/wp-content\/uploads\/2022\/07\/engins-de-chantier-300x190.jpg\" \/>\n<meta name=\"twitter:card\" content=\"summary_large_image\" \/>\n<meta name=\"twitter:label1\" content=\"Dur\u00e9e de lecture estim\u00e9e\" \/>\n\t<meta name=\"twitter:data1\" content=\"2 minutes\" \/>\n<script type=\"application\/ld+json\" class=\"yoast-schema-graph\">{\"@context\":\"https:\\\/\\\/schema.org\",\"@graph\":[{\"@type\":\"WebPage\",\"@id\":\"https:\\\/\\\/ecoforma36.fr\\\/index.php\\\/caces_r482-engins-de-chantier-chateauroux\\\/\",\"url\":\"https:\\\/\\\/ecoforma36.fr\\\/index.php\\\/caces_r482-engins-de-chantier-chateauroux\\\/\",\"name\":\"CACES R482 engins de chantier Ch\u00e2teauroux - ECOFORMA36 - CACES, AIPR, Habilitations \u00e9lectriuques \u00e0 Ch\u00e2teauroux et dans l&#039;indre\",\"isPartOf\":{\"@id\":\"https:\\\/\\\/ecoforma36.fr\\\/#website\"},\"primaryImageOfPage\":{\"@id\":\"https:\\\/\\\/ecoforma36.fr\\\/index.php\\\/caces_r482-engins-de-chantier-chateauroux\\\/#primaryimage\"},\"image\":{\"@id\":\"https:\\\/\\\/ecoforma36.fr\\\/index.php\\\/caces_r482-engins-de-chantier-chateauroux\\\/#primaryimage\"},\"thumbnailUrl\":\"http:\\\/\\\/ecoforma36.fr\\\/wp-content\\\/uploads\\\/2022\\\/07\\\/engins-de-chantier-300x190.jpg\",\"datePublished\":\"2022-08-02T15:31:20+00:00\",\"dateModified\":\"2025-02-13T11:10:07+00:00\",\"description\":\"CACES engins de chantier Ch\u00e2teauroux - ECOFORMA36 vous formations et tests CACES R482 valable 10 ans \u00e0 Ch\u00e2teauroux et dans l'Indre .\",\"breadcrumb\":{\"@id\":\"https:\\\/\\\/ecoforma36.fr\\\/index.php\\\/caces_r482-engins-de-chantier-chateauroux\\\/#breadcrumb\"},\"inLanguage\":\"fr-FR\",\"potentialAction\":[{\"@type\":\"ReadAction\",\"target\":[\"https:\\\/\\\/ecoforma36.fr\\\/index.php\\\/caces_r482-engins-de-chantier-chateauroux\\\/\"]}]},{\"@type\":\"ImageObject\",\"inLanguage\":\"fr-FR\",\"@id\":\"https:\\\/\\\/ecoforma36.fr\\\/index.php\\\/caces_r482-engins-de-chantier-chateauroux\\\/#primaryimage\",\"url\":\"http:\\\/\\\/ecoforma36.fr\\\/wp-content\\\/uploads\\\/2022\\\/07\\\/engins-de-chantier-300x190.jpg\",\"contentUrl\":\"http:\\\/\\\/ecoforma36.fr\\\/wp-content\\\/uploads\\\/2022\\\/07\\\/engins-de-chantier-300x190.jpg\"},{\"@type\":\"BreadcrumbList\",\"@id\":\"https:\\\/\\\/ecoforma36.fr\\\/index.php\\\/caces_r482-engins-de-chantier-chateauroux\\\/#breadcrumb\",\"itemListElement\":[{\"@type\":\"ListItem\",\"position\":1,\"name\":\"Accueil\",\"item\":\"https:\\\/\\\/ecoforma36.fr\\\/\"},{\"@type\":\"ListItem\",\"position\":2,\"name\":\"CACES R482 engins de chantier Ch\u00e2teauroux\"}]},{\"@type\":\"WebSite\",\"@id\":\"https:\\\/\\\/ecoforma36.fr\\\/#website\",\"url\":\"https:\\\/\\\/ecoforma36.fr\\\/\",\"name\":\"ECOFORMA36 - CACES, AIPR, Habilitations \u00e9lectriuques \u00e0 Ch\u00e2teauroux et dans l&#039;indre\",\"description\":\"\",\"potentialAction\":[{\"@type\":\"SearchAction\",\"target\":{\"@type\":\"EntryPoint\",\"urlTemplate\":\"https:\\\/\\\/ecoforma36.fr\\\/?s={search_term_string}\"},\"query-input\":{\"@type\":\"PropertyValueSpecification\",\"valueRequired\":true,\"valueName\":\"search_term_string\"}}],\"inLanguage\":\"fr-FR\"}]}<\/script>\n<!-- \/ Yoast SEO plugin. -->","yoast_head_json":{"title":"CACES R482 engins de chantier Ch\u00e2teauroux - ECOFORMA36 - CACES, AIPR, Habilitations \u00e9lectriuques \u00e0 Ch\u00e2teauroux et dans l&#039;indre","description":"CACES engins de chantier Ch\u00e2teauroux - ECOFORMA36 vous formations et tests CACES R482 valable 10 ans \u00e0 Ch\u00e2teauroux et dans l'Indre .","robots":{"index":"index","follow":"follow","max-snippet":"max-snippet:-1","max-image-preview":"max-image-preview:large","max-video-preview":"max-video-preview:-1"},"canonical":"https:\/\/ecoforma36.fr\/index.php\/caces_r482-engins-de-chantier-chateauroux\/","og_locale":"fr_FR","og_type":"article","og_title":"CACES R482 engins de chantier Ch\u00e2teauroux - ECOFORMA36 - CACES, AIPR, Habilitations \u00e9lectriuques \u00e0 Ch\u00e2teauroux et dans l&#039;indre","og_description":"CACES engins de chantier Ch\u00e2teauroux - ECOFORMA36 vous formations et tests CACES R482 valable 10 ans \u00e0 Ch\u00e2teauroux et dans l'Indre .","og_url":"https:\/\/ecoforma36.fr\/index.php\/caces_r482-engins-de-chantier-chateauroux\/","og_site_name":"ECOFORMA36 - CACES, AIPR, Habilitations \u00e9lectriuques \u00e0 Ch\u00e2teauroux et dans l&#039;indre","article_modified_time":"2025-02-13T11:10:07+00:00","og_image":[{"url":"http:\/\/ecoforma36.fr\/wp-content\/uploads\/2022\/07\/engins-de-chantier-300x190.jpg","type":"","width":"","height":""}],"twitter_card":"summary_large_image","twitter_misc":{"Dur\u00e9e de lecture estim\u00e9e":"2 minutes"},"schema":{"@context":"https:\/\/schema.org","@graph":[{"@type":"WebPage","@id":"https:\/\/ecoforma36.fr\/index.php\/caces_r482-engins-de-chantier-chateauroux\/","url":"https:\/\/ecoforma36.fr\/index.php\/caces_r482-engins-de-chantier-chateauroux\/","name":"CACES R482 engins de chantier Ch\u00e2teauroux - ECOFORMA36 - CACES, AIPR, Habilitations \u00e9lectriuques \u00e0 Ch\u00e2teauroux et dans l&#039;indre","isPartOf":{"@id":"https:\/\/ecoforma36.fr\/#website"},"primaryImageOfPage":{"@id":"https:\/\/ecoforma36.fr\/index.php\/caces_r482-engins-de-chantier-chateauroux\/#primaryimage"},"image":{"@id":"https:\/\/ecoforma36.fr\/index.php\/caces_r482-engins-de-chantier-chateauroux\/#primaryimage"},"thumbnailUrl":"http:\/\/ecoforma36.fr\/wp-content\/uploads\/2022\/07\/engins-de-chantier-300x190.jpg","datePublished":"2022-08-02T15:31:20+00:00","dateModified":"2025-02-13T11:10:07+00:00","description":"CACES engins de chantier Ch\u00e2teauroux - ECOFORMA36 vous formations et tests CACES R482 valable 10 ans \u00e0 Ch\u00e2teauroux et dans l'Indre .","breadcrumb":{"@id":"https:\/\/ecoforma36.fr\/index.php\/caces_r482-engins-de-chantier-chateauroux\/#breadcrumb"},"inLanguage":"fr-FR","potentialAction":[{"@type":"ReadAction","target":["https:\/\/ecoforma36.fr\/index.php\/caces_r482-engins-de-chantier-chateauroux\/"]}]},{"@type":"ImageObject","inLanguage":"fr-FR","@id":"https:\/\/ecoforma36.fr\/index.php\/caces_r482-engins-de-chantier-chateauroux\/#primaryimage","url":"http:\/\/ecoforma36.fr\/wp-content\/uploads\/2022\/07\/engins-de-chantier-300x190.jpg","contentUrl":"http:\/\/ecoforma36.fr\/wp-content\/uploads\/2022\/07\/engins-de-chantier-300x190.jpg"},{"@type":"BreadcrumbList","@id":"https:\/\/ecoforma36.fr\/index.php\/caces_r482-engins-de-chantier-chateauroux\/#breadcrumb","itemListElement":[{"@type":"ListItem","position":1,"name":"Accueil","item":"https:\/\/ecoforma36.fr\/"},{"@type":"ListItem","position":2,"name":"CACES R482 engins de chantier Ch\u00e2teauroux"}]},{"@type":"WebSite","@id":"https:\/\/ecoforma36.fr\/#website","url":"https:\/\/ecoforma36.fr\/","name":"ECOFORMA36 - CACES, AIPR, Habilitations \u00e9lectriuques \u00e0 Ch\u00e2teauroux et dans l&#039;indre","description":"","potentialAction":[{"@type":"SearchAction","target":{"@type":"EntryPoint","urlTemplate":"https:\/\/ecoforma36.fr\/?s={search_term_string}"},"query-input":{"@type":"PropertyValueSpecification","valueRequired":true,"valueName":"search_term_string"}}],"inLanguage":"fr-FR"}]}},"_links":{"self":[{"href":"https:\/\/ecoforma36.fr\/index.php\/wp-json\/wp\/v2\/pages\/94","targetHints":{"allow":["GET"]}}],"collection":[{"href":"https:\/\/ecoforma36.fr\/index.php\/wp-json\/wp\/v2\/pages"}],"about":[{"href":"https:\/\/ecoforma36.fr\/index.php\/wp-json\/wp\/v2\/types\/page"}],"author":[{"embeddable":true,"href":"https:\/\/ecoforma36.fr\/index.php\/wp-json\/wp\/v2\/users\/1"}],"replies":[{"embeddable":true,"href":"https:\/\/ecoforma36.fr\/index.php\/wp-json\/wp\/v2\/comments?post=94"}],"version-history":[{"count":9,"href":"https:\/\/ecoforma36.fr\/index.php\/wp-json\/wp\/v2\/pages\/94\/revisions"}],"predecessor-version":[{"id":265,"href":"https:\/\/ecoforma36.fr\/index.php\/wp-json\/wp\/v2\/pages\/94\/revisions\/265"}],"wp:attachment":[{"href":"https:\/\/ecoforma36.fr\/index.php\/wp-json\/wp\/v2\/media?parent=94"}],"curies":[{"name":"wp","href":"https:\/\/api.w.org\/{rel}","templated":true}]}}